{"id":694,"date":"2015-07-20T09:07:18","date_gmt":"2015-07-20T09:07:18","guid":{"rendered":"http:\/\/larena77.fr\/?page_id=694"},"modified":"2017-09-30T09:08:44","modified_gmt":"2017-09-30T09:08:44","slug":"exposition-2-et-3-avril-2016","status":"publish","type":"page","link":"https:\/\/larena77.fr\/?page_id=694","title":{"rendered":"Souvenez-vous"},"content":{"rendered":"<p>Notre 5<sup>e<\/sup>\u00a0rencontre de g\u00e9n\u00e9alogie organis\u00e9e par tous les adh\u00e9rents de LARENA 77, a eu lieu le samedi 2 et dimanche 3 avril 2016 \u00e0 Moret-sur-Loing : Salle des F\u00eates et Centre Culturel.<\/p>\n<p>Au cours de cette rencontre vous avez pu\u00a0visiter une exposition\u00a0sur le th\u00e8me\u00a0<em>\u00ab\u00a0Au c\u0153ur de la Grande Guerre \u00bb<\/em><\/p>\n<div>Le fil rouge de cette exposition tourne autour de <strong>Vauquois<\/strong>,\u00a0village meusien situ\u00e9 \u00e0 35 kilom\u00e8tres au nord-ouest de <strong>Verdun<\/strong>. Construit sur la butte du m\u00eame nom, cela permettait d&rsquo;avoir une vue imprenable sur les voies de communications et d&rsquo;approvisionnement\u00a0de <strong>Verdun<\/strong>.<\/div>\n<div><\/div>\n<div><a href=\"http:\/\/larena77.fr\/wp-content\/uploads\/2015\/09\/55-vauquois1.jpg\"><img decoding=\"async\" loading=\"lazy\" class=\"alignnone wp-image-864\" src=\"http:\/\/larena77.fr\/wp-content\/uploads\/2015\/09\/55-vauquois1-300x192.jpg\" alt=\"55-vauquois1\" width=\"386\" height=\"247\" srcset=\"https:\/\/larena77.fr\/wp-content\/uploads\/2015\/09\/55-vauquois1-300x192.jpg 300w, https:\/\/larena77.fr\/wp-content\/uploads\/2015\/09\/55-vauquois1.jpg 590w\" sizes=\"(max-width: 386px) 100vw, 386px\" \/><\/a><\/div>\n<div><\/div>\n<div>Le <strong>46e r\u00e9giment d\u2019infanterie<\/strong> de Fontainebleau \u00e0 <strong>Vauquois<\/strong> s&rsquo;y illustrera tout particuli\u00e8rement. Trente-cinq\u00a0de nos valeureux a\u00een\u00e9s, dont les noms sont inscrits sur les monuments aux morts\u00a0de notre intercommunalit\u00e9, y p\u00e9riront.<\/div>\n<div><\/div>\n<ul style=\"list-style-type: square;\">\n<li>Dossier de presse &gt;&gt;&gt; <a href=\"http:\/\/larena77.fr\/wp-content\/uploads\/2016\/03\/LARENA77-Exposition-avril-2016-Dossier-de-presse.pdf\" target=\"_blank\" rel=\"noopener\">ici<\/a><\/li>\n<li>Affiche &gt;&gt;&gt;\u00a0<a href=\"http:\/\/larena77.fr\/wp-content\/uploads\/2016\/03\/LARENA77-affiche-rencontre-avril-2016.jpg\" target=\"_blank\" rel=\"noopener\">ici<\/a><\/li>\n<li>Aidez nous : Qui sont-ils ? &gt;&gt;&gt;\u00a0<a href=\"http:\/\/larena77.fr\/wp-content\/uploads\/2016\/03\/Les-inconnus-des-monuments-aux-morts-2015-12-12-appel.pdf\" target=\"_blank\" rel=\"noopener\">ici<\/a><\/li>\n<\/ul>\n<div style=\"text-align: center;\">\n<hr \/>\n<p style=\"text-align: left;\"><i class=\"fa fa-camera\"><\/i>\u00a0\u00a0Photographies\u00a0de l&rsquo;exposition\u00a0:<\/p>\n<h3 style=\"text-align: left;\"><style type=\"text\/css\">.easingslider-1246 { max-width: 972px; }.easingslider-1246 .easingslider-image { max-height: 648px; max-width: 972px; }.easingslider-1246 .easingslider-fade-in, .easingslider-fade-out { -webkit-animation-duration: 600ms; -moz-animation-duration: 600ms; animation-duration: 600ms; }<\/style><script type=\"text\/javascript\">window.EasingSlider1246 = {\"width\":972,\"height\":648,\"singleItem\":true,\"items\":1,\"itemsDesktop\":false,\"itemsDesktopSmall\":false,\"itemsTablet\":false,\"itemsTabletSmall\":false,\"itemsMobile\":false,\"responsive\":true,\"lazyLoad\":true,\"autoPlay\":4000,\"slideSpeed\":600,\"navigation\":true,\"navigationText\":[\"\",\"\"],\"pagination\":true,\"autoHeight\":false,\"mouseDrag\":false,\"touchDrag\":false,\"addClassActive\":true,\"transitionStyle\":\"fade\"};<\/script><div data-id=\"1246\" class=\"easingslider easingslider-1246 easingslider-container easingslider-resizing-enabled easingslider-aspect-ratio easingslider-arrows-hover easingslider-arrows-outside easingslider-pagination-hover easingslider-pagination-outside easingslider-pagination-bottom-center\"><div class=\"easingslider-slide\"><img src=\"https:\/\/larena77.fr\/wp-content\/plugins\/easing-slider\/assets\/images\/placeholder-pixel.png\" data-src=\"https:\/\/larena77.fr\/wp-content\/uploads\/2016\/04\/IMG_9397-972x648.jpg\" alt=\"\" title=\"\" class=\"easingslider-image easingslider-lazy\" \/><\/div><div class=\"easingslider-slide\"><a href=\"http:\/\/larena77.fr\/wp-content\/uploads\/2016\/04\/IMG_9464.jpg\" target=\"_blank\"><img src=\"https:\/\/larena77.fr\/wp-content\/plugins\/easing-slider\/assets\/images\/placeholder-pixel.png\" data-src=\"https:\/\/larena77.fr\/wp-content\/uploads\/2016\/04\/IMG_9464-972x648.jpg\" alt=\"\" title=\"\" class=\"easingslider-image easingslider-lazy\" \/><\/a><\/div><div class=\"easingslider-slide\"><a href=\"http:\/\/larena77.fr\/wp-content\/uploads\/2016\/04\/IMG_9476.jpg\" target=\"_blank\"><img src=\"https:\/\/larena77.fr\/wp-content\/plugins\/easing-slider\/assets\/images\/placeholder-pixel.png\" data-src=\"https:\/\/larena77.fr\/wp-content\/uploads\/2016\/04\/IMG_9476-972x648.jpg\" alt=\"\" title=\"\" class=\"easingslider-image easingslider-lazy\" \/><\/a><\/div><div class=\"easingslider-slide\"><img src=\"https:\/\/larena77.fr\/wp-content\/plugins\/easing-slider\/assets\/images\/placeholder-pixel.png\" data-src=\"https:\/\/larena77.fr\/wp-content\/uploads\/2016\/04\/P1020225-972x648.jpg\" alt=\"\" title=\"\" class=\"easingslider-image easingslider-lazy\" \/><\/div><div class=\"easingslider-slide\"><a href=\"http:\/\/larena77.fr\/wp-content\/uploads\/2016\/04\/IMG_9448.jpg\" target=\"_blank\"><img src=\"https:\/\/larena77.fr\/wp-content\/plugins\/easing-slider\/assets\/images\/placeholder-pixel.png\" data-src=\"https:\/\/larena77.fr\/wp-content\/uploads\/2016\/04\/IMG_9448-972x648.jpg\" alt=\"\" title=\"\" class=\"easingslider-image easingslider-lazy\" \/><\/a><\/div><div class=\"easingslider-slide\"><img src=\"https:\/\/larena77.fr\/wp-content\/plugins\/easing-slider\/assets\/images\/placeholder-pixel.png\" data-src=\"https:\/\/larena77.fr\/wp-content\/uploads\/2016\/04\/IMG_9446-972x648.jpg\" alt=\"\" title=\"\" class=\"easingslider-image easingslider-lazy\" \/><\/div><div class=\"easingslider-slide\"><img src=\"https:\/\/larena77.fr\/wp-content\/plugins\/easing-slider\/assets\/images\/placeholder-pixel.png\" data-src=\"https:\/\/larena77.fr\/wp-content\/uploads\/2016\/04\/IMG_9380-972x648.jpg\" alt=\"\" title=\"\" class=\"easingslider-image easingslider-lazy\" \/><\/div><div class=\"easingslider-slide\"><a href=\"http:\/\/larena77.fr\/wp-content\/uploads\/2016\/04\/IMG_9381.jpg\" target=\"_blank\"><img src=\"https:\/\/larena77.fr\/wp-content\/plugins\/easing-slider\/assets\/images\/placeholder-pixel.png\" data-src=\"https:\/\/larena77.fr\/wp-content\/uploads\/2016\/04\/IMG_9381-972x648.jpg\" alt=\"\" title=\"\" class=\"easingslider-image easingslider-lazy\" \/><\/a><\/div><div class=\"easingslider-slide\"><a href=\"http:\/\/larena77.fr\/wp-content\/uploads\/2016\/04\/IMG_9388.jpg\" target=\"_blank\"><img src=\"https:\/\/larena77.fr\/wp-content\/plugins\/easing-slider\/assets\/images\/placeholder-pixel.png\" data-src=\"https:\/\/larena77.fr\/wp-content\/uploads\/2016\/04\/IMG_9388-972x648.jpg\" alt=\"\" title=\"\" class=\"easingslider-image easingslider-lazy\" \/><\/a><\/div><div class=\"easingslider-slide\"><img src=\"https:\/\/larena77.fr\/wp-content\/plugins\/easing-slider\/assets\/images\/placeholder-pixel.png\" data-src=\"https:\/\/larena77.fr\/wp-content\/uploads\/2016\/04\/IMG_9387-972x648.jpg\" alt=\"\" title=\"\" class=\"easingslider-image easingslider-lazy\" \/><\/div><div class=\"easingslider-slide\"><img src=\"https:\/\/larena77.fr\/wp-content\/plugins\/easing-slider\/assets\/images\/placeholder-pixel.png\" data-src=\"https:\/\/larena77.fr\/wp-content\/uploads\/2016\/04\/IMG_9389-972x648.jpg\" alt=\"\" title=\"\" class=\"easingslider-image easingslider-lazy\" \/><\/div><div class=\"easingslider-slide\"><img src=\"https:\/\/larena77.fr\/wp-content\/plugins\/easing-slider\/assets\/images\/placeholder-pixel.png\" data-src=\"https:\/\/larena77.fr\/wp-content\/uploads\/2016\/04\/20160402_113534-972x648.jpg\" alt=\"\" title=\"\" class=\"easingslider-image easingslider-lazy\" \/><\/div><div class=\"easingslider-slide\"><a href=\"http:\/\/larena77.fr\/wp-content\/uploads\/2016\/04\/IMG_9385.jpg\" target=\"_blank\"><img src=\"https:\/\/larena77.fr\/wp-content\/plugins\/easing-slider\/assets\/images\/placeholder-pixel.png\" data-src=\"https:\/\/larena77.fr\/wp-content\/uploads\/2016\/04\/IMG_9385-972x648.jpg\" alt=\"\" title=\"\" class=\"easingslider-image easingslider-lazy\" \/><\/a><\/div><div class=\"easingslider-slide\"><a href=\"http:\/\/larena77.fr\/wp-content\/uploads\/2016\/04\/IMG_9394.jpg\" target=\"_blank\"><img src=\"https:\/\/larena77.fr\/wp-content\/plugins\/easing-slider\/assets\/images\/placeholder-pixel.png\" data-src=\"https:\/\/larena77.fr\/wp-content\/uploads\/2016\/04\/IMG_9394-972x648.jpg\" alt=\"\" title=\"\" class=\"easingslider-image easingslider-lazy\" \/><\/a><\/div><div class=\"easingslider-slide\"><a href=\"http:\/\/larena77.fr\/wp-content\/uploads\/2016\/04\/IMG_9422.jpg\" target=\"_blank\"><img src=\"https:\/\/larena77.fr\/wp-content\/plugins\/easing-slider\/assets\/images\/placeholder-pixel.png\" data-src=\"https:\/\/larena77.fr\/wp-content\/uploads\/2016\/04\/IMG_9422-972x648.jpg\" alt=\"\" title=\"\" class=\"easingslider-image easingslider-lazy\" \/><\/a><\/div><div class=\"easingslider-slide\"><a href=\"http:\/\/larena77.fr\/wp-content\/uploads\/2016\/04\/IMG_9408.jpg\" target=\"_blank\"><img src=\"https:\/\/larena77.fr\/wp-content\/plugins\/easing-slider\/assets\/images\/placeholder-pixel.png\" data-src=\"https:\/\/larena77.fr\/wp-content\/uploads\/2016\/04\/IMG_9408-972x648.jpg\" alt=\"\" title=\"\" class=\"easingslider-image easingslider-lazy\" \/><\/a><\/div><div class=\"easingslider-slide\"><a href=\"http:\/\/larena77.fr\/wp-content\/uploads\/2016\/04\/IMG_9457.jpg\" target=\"_blank\"><img src=\"https:\/\/larena77.fr\/wp-content\/plugins\/easing-slider\/assets\/images\/placeholder-pixel.png\" data-src=\"https:\/\/larena77.fr\/wp-content\/uploads\/2016\/04\/IMG_9457-972x648.jpg\" alt=\"\" title=\"\" class=\"easingslider-image easingslider-lazy\" \/><\/a><\/div><div class=\"easingslider-slide\"><img src=\"https:\/\/larena77.fr\/wp-content\/plugins\/easing-slider\/assets\/images\/placeholder-pixel.png\" data-src=\"https:\/\/larena77.fr\/wp-content\/uploads\/2016\/04\/IMG_9416-972x648.jpg\" alt=\"\" title=\"\" class=\"easingslider-image easingslider-lazy\" \/><\/div><div class=\"easingslider-slide\"><img src=\"https:\/\/larena77.fr\/wp-content\/plugins\/easing-slider\/assets\/images\/placeholder-pixel.png\" data-src=\"https:\/\/larena77.fr\/wp-content\/uploads\/2016\/04\/IMG_9408-1-972x648.jpg\" alt=\"\" title=\"\" class=\"easingslider-image easingslider-lazy\" \/><\/div><div class=\"easingslider-slide\"><img src=\"https:\/\/larena77.fr\/wp-content\/plugins\/easing-slider\/assets\/images\/placeholder-pixel.png\" data-src=\"https:\/\/larena77.fr\/wp-content\/uploads\/2016\/04\/IMG_9428-972x648.jpg\" alt=\"\" title=\"\" class=\"easingslider-image easingslider-lazy\" \/><\/div><div class=\"easingslider-slide\"><img src=\"https:\/\/larena77.fr\/wp-content\/plugins\/easing-slider\/assets\/images\/placeholder-pixel.png\" data-src=\"https:\/\/larena77.fr\/wp-content\/uploads\/2016\/04\/IMG_9409-972x648.jpg\" alt=\"\" title=\"\" class=\"easingslider-image easingslider-lazy\" \/><\/div><div class=\"easingslider-slide\"><a href=\"http:\/\/larena77.fr\/wp-content\/uploads\/2016\/04\/IMG_9427.jpg\" target=\"_blank\"><img src=\"https:\/\/larena77.fr\/wp-content\/plugins\/easing-slider\/assets\/images\/placeholder-pixel.png\" data-src=\"https:\/\/larena77.fr\/wp-content\/uploads\/2016\/04\/IMG_9427-972x648.jpg\" alt=\"\" title=\"\" class=\"easingslider-image easingslider-lazy\" \/><\/a><\/div><div class=\"easingslider-slide\"><img src=\"https:\/\/larena77.fr\/wp-content\/plugins\/easing-slider\/assets\/images\/placeholder-pixel.png\" data-src=\"https:\/\/larena77.fr\/wp-content\/uploads\/2016\/04\/IMG_9418-972x648.jpg\" alt=\"\" title=\"\" class=\"easingslider-image easingslider-lazy\" \/><\/div><div class=\"easingslider-slide\"><a href=\"http:\/\/larena77.fr\/wp-content\/uploads\/2016\/04\/IMG_9430.jpg\" target=\"_blank\"><img src=\"https:\/\/larena77.fr\/wp-content\/plugins\/easing-slider\/assets\/images\/placeholder-pixel.png\" data-src=\"https:\/\/larena77.fr\/wp-content\/uploads\/2016\/04\/IMG_9430-972x648.jpg\" alt=\"\" title=\"\" class=\"easingslider-image easingslider-lazy\" \/><\/a><\/div><div class=\"easingslider-slide\"><img src=\"https:\/\/larena77.fr\/wp-content\/plugins\/easing-slider\/assets\/images\/placeholder-pixel.png\" data-src=\"https:\/\/larena77.fr\/wp-content\/uploads\/2016\/04\/IMG_9451-972x648.jpg\" alt=\"\" title=\"\" class=\"easingslider-image easingslider-lazy\" \/><\/div><div class=\"easingslider-slide\"><img src=\"https:\/\/larena77.fr\/wp-content\/plugins\/easing-slider\/assets\/images\/placeholder-pixel.png\" data-src=\"https:\/\/larena77.fr\/wp-content\/uploads\/2016\/04\/P1020278-972x648.jpg\" alt=\"\" title=\"\" class=\"easingslider-image easingslider-lazy\" \/><\/div><div class=\"easingslider-slide\"><img src=\"https:\/\/larena77.fr\/wp-content\/plugins\/easing-slider\/assets\/images\/placeholder-pixel.png\" data-src=\"https:\/\/larena77.fr\/wp-content\/uploads\/2016\/04\/IMG_9489-1-972x648.jpg\" alt=\"\" title=\"\" class=\"easingslider-image easingslider-lazy\" \/><\/div><div class=\"easingslider-slide\"><img src=\"https:\/\/larena77.fr\/wp-content\/plugins\/easing-slider\/assets\/images\/placeholder-pixel.png\" data-src=\"https:\/\/larena77.fr\/wp-content\/uploads\/2016\/04\/IMG_9508-972x648.jpg\" alt=\"\" title=\"\" class=\"easingslider-image easingslider-lazy\" \/><\/div><div class=\"easingslider-slide\"><img src=\"https:\/\/larena77.fr\/wp-content\/plugins\/easing-slider\/assets\/images\/placeholder-pixel.png\" data-src=\"https:\/\/larena77.fr\/wp-content\/uploads\/2016\/04\/IMG_9479-972x648.jpg\" alt=\"\" title=\"\" class=\"easingslider-image easingslider-lazy\" \/><\/div><div class=\"easingslider-slide\"><img src=\"https:\/\/larena77.fr\/wp-content\/plugins\/easing-slider\/assets\/images\/placeholder-pixel.png\" data-src=\"https:\/\/larena77.fr\/wp-content\/uploads\/2016\/04\/IMG_9515-972x648.jpg\" alt=\"\" title=\"\" class=\"easingslider-image easingslider-lazy\" \/><\/div><div class=\"easingslider-slide\"><img src=\"https:\/\/larena77.fr\/wp-content\/plugins\/easing-slider\/assets\/images\/placeholder-pixel.png\" data-src=\"https:\/\/larena77.fr\/wp-content\/uploads\/2016\/04\/IMG_9514-972x648.jpg\" alt=\"\" title=\"\" class=\"easingslider-image easingslider-lazy\" \/><\/div><div class=\"easingslider-slide\"><img src=\"https:\/\/larena77.fr\/wp-content\/plugins\/easing-slider\/assets\/images\/placeholder-pixel.png\" data-src=\"https:\/\/larena77.fr\/wp-content\/uploads\/2016\/04\/IMG_9526-972x648.jpg\" alt=\"\" title=\"\" class=\"easingslider-image easingslider-lazy\" \/><\/div><div class=\"easingslider-slide\"><img src=\"https:\/\/larena77.fr\/wp-content\/plugins\/easing-slider\/assets\/images\/placeholder-pixel.png\" data-src=\"https:\/\/larena77.fr\/wp-content\/uploads\/2016\/04\/IMG_9529-972x648.jpg\" alt=\"\" title=\"\" class=\"easingslider-image easingslider-lazy\" \/><\/div><div class=\"easingslider-slide\"><img src=\"https:\/\/larena77.fr\/wp-content\/plugins\/easing-slider\/assets\/images\/placeholder-pixel.png\" data-src=\"https:\/\/larena77.fr\/wp-content\/uploads\/2016\/04\/IMG_9530-972x648.jpg\" alt=\"\" title=\"\" class=\"easingslider-image easingslider-lazy\" \/><\/div><div class=\"easingslider-slide\"><img src=\"https:\/\/larena77.fr\/wp-content\/plugins\/easing-slider\/assets\/images\/placeholder-pixel.png\" data-src=\"https:\/\/larena77.fr\/wp-content\/uploads\/2016\/04\/P1020243-972x648.jpg\" alt=\"\" title=\"\" class=\"easingslider-image easingslider-lazy\" \/><\/div><div class=\"easingslider-slide\"><img src=\"https:\/\/larena77.fr\/wp-content\/plugins\/easing-slider\/assets\/images\/placeholder-pixel.png\" data-src=\"https:\/\/larena77.fr\/wp-content\/uploads\/2016\/04\/20160402_113154-972x648.jpg\" alt=\"\" title=\"\" class=\"easingslider-image easingslider-lazy\" \/><\/div><div class=\"easingslider-slide\"><img src=\"https:\/\/larena77.fr\/wp-content\/plugins\/easing-slider\/assets\/images\/placeholder-pixel.png\" data-src=\"https:\/\/larena77.fr\/wp-content\/uploads\/2016\/04\/P1020245-972x648.jpg\" alt=\"\" title=\"\" class=\"easingslider-image easingslider-lazy\" \/><\/div><div class=\"easingslider-slide\"><img src=\"https:\/\/larena77.fr\/wp-content\/plugins\/easing-slider\/assets\/images\/placeholder-pixel.png\" data-src=\"https:\/\/larena77.fr\/wp-content\/uploads\/2016\/04\/20160403_110351-972x648.jpg\" alt=\"\" title=\"\" class=\"easingslider-image easingslider-lazy\" \/><\/div><div class=\"easingslider-slide\"><img src=\"https:\/\/larena77.fr\/wp-content\/plugins\/easing-slider\/assets\/images\/placeholder-pixel.png\" data-src=\"https:\/\/larena77.fr\/wp-content\/uploads\/2016\/04\/20160403_110601-972x648.jpg\" alt=\"\" title=\"\" class=\"easingslider-image easingslider-lazy\" \/><\/div><\/div><\/h3>\n<p>&nbsp;<\/p>\n<div style=\"text-align: left;\">\n<hr \/>\n<p style=\"text-align: left;\"><i class=\"fa fa-newspaper-o\"><\/i>\u00a0\u00a0Article de presse :<\/p>\n<p style=\"text-align: left;\">\u00ab\u00a0La R\u00e9publique de Seine et Marne\u00a0\u00bb\u00a0:<\/p>\n<p style=\"text-align: left;\"><a href=\"http:\/\/larena77.fr\/wp-content\/uploads\/2015\/05\/Rep-2016-04-11.pdf\" target=\"_blank\" rel=\"noopener\">28 Mars 2016<\/a><\/p>\n<p style=\"text-align: left;\"><a href=\"http:\/\/larena77.fr\/wp-content\/uploads\/2015\/05\/Rep-2016-04-11.pdf\" target=\"_blank\" rel=\"noopener\">11 Avril 2016<\/a><\/p>\n<p style=\"text-align: left;\">\u00ab\u00a0L&rsquo;\u00e9claireur du g\u00e2tinais\u00a0\u00bb\u00a0:<\/p>\n<p style=\"text-align: left;\"><a href=\"http:\/\/larena77.fr\/wp-content\/uploads\/2016\/05\/Eclaireur_06042016.pdf\" target=\"_blank\" rel=\"noopener\">06 Avril\u00a02016<\/a><\/p>\n<\/div>\n<hr \/>\n<p style=\"text-align: left;\"><i class=\"fa fa-video-camera\"><\/i>\u00a0\u00a0Les vid\u00e9os :<\/p>\n<p style=\"text-align: left;\"><a href=\"https:\/\/vimeo.com\/161284847\" target=\"_blank\" rel=\"noopener\">Inauguration<\/a><\/p>\n<p style=\"text-align: left;\"><a href=\"https:\/\/vimeo.com\/161357357\" target=\"_blank\" rel=\"noopener\">Expo<\/a><\/p>\n<p style=\"text-align: left;\"><a href=\"https:\/\/vimeo.com\/161289084\" target=\"_blank\" rel=\"noopener\">Exposants<\/a><\/p>\n<\/div>\n<hr \/>\n<p style=\"text-align: left;\"><i class=\"fa fa-users\"><\/i>\u00a0\u00a0Liste des\u00a0exposants\u00a0:<\/p>\n<ul>\n<li>G\u00e9n\u00e9alogie Aisne &gt;&gt;&gt; <a href=\"http:\/\/www.genealogie-aisne.com\/\" target=\"_blank\" rel=\"noopener\">ici<\/a><\/li>\n<li>Club G\u00e9n\u00e9alogique de l&rsquo;Artois &gt;&gt;&gt; <a href=\"http:\/\/cga62.blogspot.fr\/\" target=\"_blank\" rel=\"noopener\">ici<\/a><\/li>\n<li>Cercle G\u00e9n\u00e9alogique de l&rsquo;Aveyron &gt;&gt;&gt; <a href=\"http:\/\/www.genealogie-aveyron.fr\/\" target=\"_blank\" rel=\"noopener\">ici<\/a><\/li>\n<li>APROGEMERE (Cantal) &gt;&gt;&gt; <a href=\"http:\/\/www.aprogemere.fr\/\" target=\"_blank\" rel=\"noopener\">ici<\/a><\/li>\n<li>G\u00e9n\u00e9alogie en Corr\u00e8ze &gt;&gt;&gt; <a href=\"http:\/\/www.genealogieencorreze.eu\/\" target=\"_blank\" rel=\"noopener\">ici<\/a><\/li>\n<li>Centre G\u00e9n\u00e9alogique de l&rsquo;Essonne &gt;&gt;&gt; <a href=\"http:\/\/www.genealogie91.fr\/\" target=\"_blank\" rel=\"noopener\">ici<\/a><\/li>\n<li>Cercle G\u00e9n\u00e9alogique de l&rsquo;Est Parisien &gt;&gt;&gt; <a href=\"http:\/\/cgep93.org\/\" target=\"_blank\" rel=\"noopener\">ici\u00a0<\/a><\/li>\n<li>SALSA (Haute-Sa\u00f4ne) &gt;&gt;&gt; <a href=\"http:\/\/haute-saone-salsa.fr\/genealogie\/\" target=\"_blank\" rel=\"noopener\">ici<\/a><\/li>\n<li>G\u00e2tinais G\u00e9n\u00e9alogique &gt;&gt;&gt; <a href=\"http:\/\/www.gatinaisgeneal.org\/\" target=\"_blank\" rel=\"noopener\">ici<\/a><\/li>\n<li>Loiret G\u00e9n\u00e9alogique &gt;&gt;&gt; <a href=\"http:\/\/loiretgenealogique.org\/\" target=\"_blank\" rel=\"noopener\">ici\u00a0<\/a><\/li>\n<li>Centre\u00a0G\u00e9n\u00e9alogique de la Marne &gt;&gt;&gt; <a href=\"http:\/\/www.marne-genealogie.org\/\" target=\"_blank\" rel=\"noopener\">ici<\/a><\/li>\n<li>Cercle G\u00e9n\u00e9alogique de la Meuse &gt;&gt;&gt; <a href=\"http:\/\/www.genealogie-lorraine.fr\/\" target=\"_blank\" rel=\"noopener\">ici\u00a0<\/a><\/li>\n<li>Cercle G\u00e9n\u00e9alogique de Sa\u00f4ne-et-Loire &gt;&gt;&gt; <a href=\"http:\/\/www.cgsl.fr\/\" target=\"_blank\" rel=\"noopener\">ici<\/a><\/li>\n<li>Soci\u00e9t\u00e9 G\u00e9n\u00e9alogique de l&rsquo;Yonne &gt;&gt;&gt; <a href=\"http:\/\/www.sgyonne.org\/\" target=\"_blank\" rel=\"noopener\">ici<\/a><\/li>\n<\/ul>\n<ul>\n<li>Cercle G\u00e9n\u00e9alogique des Cheminots &gt;&gt;&gt; <a href=\"http:\/\/genealogie.cheminots.free.fr\/cheminot\/\" target=\"_blank\" rel=\"noopener\">ici<\/a><\/li>\n<li>Le Fil d&rsquo;Ariane &gt;&gt;&gt; <a href=\"http:\/\/www.entraide-genealogique.net\/\" target=\"_blank\" rel=\"noopener\">ici<\/a><\/li>\n<\/ul>\n<ul>\n<li>Cercle G\u00e9n\u00e9alogique de la Brie &gt;&gt;&gt; <a href=\"http:\/\/www.cgbrie.org\/\" target=\"_blank\" rel=\"noopener\">ici<\/a><\/li>\n<li>Cercle de G\u00e9n\u00e9alogie et d\u2019H\u00e9raldique de Seine-et-Marne &gt;&gt;&gt; <a href=\"http:\/\/cghsm.over-blog.org\/\" target=\"_blank\" rel=\"noopener\">ici<\/a><\/li>\n<li>Amis du Patrimoine du Canton de la Chapelle-la-Reine &gt;&gt;&gt; <a href=\"http:\/\/amis.du.patrimoine.free.fr\/presentation.htm\" target=\"_blank\" rel=\"noopener\">ici<\/a><\/li>\n<li>Amis de Moret et de sa R\u00e9gion &gt;&gt;&gt; <a href=\"http:\/\/www.lesamisdemoret.fr\/\" target=\"_blank\" rel=\"noopener\">ici<\/a><\/li>\n<li>Association G\u00e9n\u00e9alogique de Brie-Comte-Robert &gt;&gt;&gt; <a href=\"https:\/\/agbcr.fr\/web\/\" target=\"_blank\" rel=\"noopener\">ici\u00a0<\/a><\/li>\n<li>Club Histoire de Solers &gt;&gt;&gt; <a href=\"http:\/\/www.solers-histoire-genealogie.fr\/\" target=\"_blank\" rel=\"noopener\">ici<\/a><\/li>\n<li>Section G\u00e9n\u00e9alogie et Histoire SNECMA-Villaroche &gt;&gt;&gt; <a href=\"http:\/\/www.anciens-aerodromes.com\/upload\/Histoire_Snecma.pdf\" target=\"_blank\" rel=\"noopener\">ici<\/a><\/li>\n<li>LARENA77<\/li>\n<\/ul>\n<ul>\n<li>Archives d\u00e9partementales de Seine-et-Marne, avec le camion <em><span style=\"color: #0000ff;\"><a href=\"http:\/\/www.seine-et-marne.fr\/Culture-sports-tourisme\/Archives-departementales-et-Patrimoine\/Le-Mobil-Histoire77\" target=\"_blank\" rel=\"noopener\">Mobil&rsquo;Histoire<\/a><\/span><\/em><\/li>\n<\/ul>\n<ul>\n<li>CDIP (G\u00e9n\u00e9atique) &gt;&gt;&gt; <a href=\"http:\/\/www.cdip.com\/\" target=\"_blank\" rel=\"noopener\">ici<\/a><\/li>\n<li>GENEAPRIME &gt;&gt;&gt; <a href=\"http:\/\/geneaprime.fr\/\" target=\"_blank\" rel=\"noopener\">ici<\/a><\/li>\n<li>Internet Genealogy (Belgique, Luxembourg) &gt;&gt;&gt; <a href=\"http:\/\/www.internet-genealogy.eu\/\" target=\"_blank\" rel=\"noopener\">ici<\/a><\/li>\n<li>Lys Editions &gt;&gt;&gt; <a href=\"http:\/\/www.77livres.fr\/\" target=\"_blank\" rel=\"noopener\">ici<\/a><\/li>\n<\/ul>\n","protected":false},"excerpt":{"rendered":"<p>Notre 5e\u00a0rencontre de g\u00e9n\u00e9alogie organis\u00e9e par tous les adh\u00e9rents de LARENA 77, a eu lieu le samedi 2 et dimanche 3 avril 2016 \u00e0 Moret-sur-Loing : Salle des F\u00eates et Centre Culturel. Au cours de cette rencontre vous avez pu\u00a0visiter une exposition\u00a0sur le th\u00e8me\u00a0\u00ab\u00a0Au c\u0153ur de la Grande Guerre \u00bb Le fil rouge de cette [&hellip;]<\/p>\n","protected":false},"author":3,"featured_media":0,"parent":0,"menu_order":0,"comment_status":"closed","ping_status":"closed","template":"","meta":{"_bbp_topic_count":0,"_bbp_reply_count":0,"_bbp_total_topic_count":0,"_bbp_total_reply_count":0,"_bbp_voice_count":0,"_bbp_anonymous_reply_count":0,"_bbp_topic_count_hidden":0,"_bbp_reply_count_hidden":0,"_bbp_forum_subforum_count":0},"_links":{"self":[{"href":"https:\/\/larena77.fr\/index.php?rest_route=\/wp\/v2\/pages\/694"}],"collection":[{"href":"https:\/\/larena77.fr\/index.php?rest_route=\/wp\/v2\/pages"}],"about":[{"href":"https:\/\/larena77.fr\/index.php?rest_route=\/wp\/v2\/types\/page"}],"author":[{"embeddable":true,"href":"https:\/\/larena77.fr\/index.php?rest_route=\/wp\/v2\/users\/3"}],"replies":[{"embeddable":true,"href":"https:\/\/larena77.fr\/index.php?rest_route=%2Fwp%2Fv2%2Fcomments&post=694"}],"version-history":[{"count":63,"href":"https:\/\/larena77.fr\/index.php?rest_route=\/wp\/v2\/pages\/694\/revisions"}],"predecessor-version":[{"id":2552,"href":"https:\/\/larena77.fr\/index.php?rest_route=\/wp\/v2\/pages\/694\/revisions\/2552"}],"wp:attachment":[{"href":"https:\/\/larena77.fr\/index.php?rest_route=%2Fwp%2Fv2%2Fmedia&parent=694"}],"curies":[{"name":"wp","href":"https:\/\/api.w.org\/{rel}","templated":true}]}}