{"id":30,"date":"2015-02-10T14:41:09","date_gmt":"2015-02-10T14:41:09","guid":{"rendered":"http:\/\/localhost:8888\/?page_id=30"},"modified":"2025-05-04T15:30:03","modified_gmt":"2025-05-04T15:30:03","slug":"ateliers-thematiques","status":"publish","type":"page","link":"https:\/\/larena77.fr\/?page_id=30","title":{"rendered":"Activit\u00e9s"},"content":{"rendered":"<h3>Activit\u00e9s de 2007 \u00e0 2025 :<\/h3>\n<p style=\"padding-left: 30px;\"><strong>Exposition de LARENA77\u00a0<\/strong>en 2007, 2009, 2011, 2013, 2014, 2016, 2018, 2023<\/p>\n<p style=\"padding-left: 30px;\">En 2008\u00a0: Organisation de la cousinade Larpenteur-Michin (Fran\u00e7ais et Am\u00e9ricains)<\/p>\n<div style=\"padding-left: 30px;\">En 2014\u00a0:<\/div>\n<div style=\"padding-left: 30px;\">Avril\u00a0: <b>\u00ab\u00a0Hommage aux soldats de la Grande Guerre 14-18\u00a0\u00bb<\/b><\/div>\n<div style=\"padding-left: 30px;\">Novembre\u00a0: Organisation <b>exposition du Centenaire\u00a0<\/b><b style=\"line-height: 1.5;\">14-18<\/b> <i style=\"line-height: 1.5;\">avec les communes de la Communaut\u00e9 de\u00a0<\/i><i style=\"line-height: 1.5;\">Moret Seine et Loing et avec les deux associations\u00a0<\/i><i style=\"line-height: 1.5;\">et des b\u00e9n\u00e9voles des communes.<\/i><\/div>\n<p>A chaque exposition, nos recherches g\u00e9n\u00e9alogiques honorent une commune,\u00a0un personnage de la Communaut\u00e9 de Communes de Moret Seine et Loing.<\/p>\n<p><i>(Arbre g\u00e9n\u00e9alogique de Monsieur P. SEPTIERS, Ascendance du couple DUJARDIN-<\/i><i>LAMY \u2013anc\u00eatres de l\u2019acteur Jean DUJARDIN, Inventaire des cahiers de Georges\u00a0<\/i><i>LIORET, acte de partage (avec plan) de la seigneurie d\u2019Episy, num\u00e9risation des\u00a0<\/i><i>registres paroissiaux d\u2019Ecuelles (1681 \u00e0 1737\u2026etc.)<\/i><\/p>\n<p><strong><span style=\"text-decoration: underline;\">Participation aux<\/span>\u00a0:<\/strong><\/p>\n<div style=\"padding-left: 30px;\">Congr\u00e8s national, expositions, bourses aux cousins\u00a0de g\u00e9n\u00e9alogie sur le sol national et europ\u00e9en <i>(Seine-et-Marne,\u00a0<\/i><i>Meurthe-Moselle, Marne, Aisne, Loiret, Silenrieux en Wallonie\u00a0<\/i><i>(Belgique), Rh\u00f4ne-Alpes, Corr\u00e8ze\u2026etc.)<\/i><\/div>\n<p>Forums d\u2019association de Moret-sur-Loing et de Veneux les Sablons<\/p>\n<p><span style=\"text-decoration: underline;\"><strong>Nos r\u00e9unions mensuelles<\/strong><\/span><\/p>\n<div style=\"padding-left: 30px;\">Elles se tiennent toujours le 2<sup>\u00e8me<\/sup> mardi de chaque mois au CAC (petite salle), 2 rue du Clos Blanchet \u00e0 Moret-sur-Loing<\/div>\n<div style=\"padding-left: 30px;\">en fonction d\u2019un calendrier pr\u00e9d\u00e9fini. Ces r\u00e9unions sont ax\u00e9es sur l\u2019entraide en g\u00e9n\u00e9alogie <i>: les \u00e9changes\u00a0<\/i><i>entre adh\u00e9rents et la transcription des actes paroissiaux et d\u2019\u00e9tat<\/i><i>\u00a0civil de la Communaut\u00e9 communes, r\u00e9alisation des groupes de\u00a0<\/i><i>travail\u00a0sur :\u00a0<\/i><\/div>\n<div style=\"padding-left: 60px;\"><i>la pal\u00e9ographie \u2013 lecture d\u2019actes anciens,\u00a0<\/i><\/div>\n<div style=\"padding-left: 60px;\"><i>Hommage aux soldats de la Grande Guerre 1914 \u2013 1918<\/i><\/div>\n<div style=\"padding-left: 60px;\"><i>L\u2019implexe en g\u00e9n\u00e9alogie<\/i><\/div>\n<div style=\"padding-left: 60px;\"><i>Les archives militaires<\/i><\/div>\n<div style=\"padding-left: 60px;\"><i>Logiciel Nim\u00e8gue<\/i><\/div>\n<div style=\"padding-left: 60px;\"><i>Livrets de Famille \u2013 Militaire \u2013 Ouvrier<\/i><\/div>\n<div style=\"padding-left: 60px;\"><i>Les d\u00e9butants en g\u00e9n\u00e9alogie<\/i><\/div>\n<div style=\"padding-left: 60px;\"><i>Comment reconstituer la g\u00e9n\u00e9alogie de sa propri\u00e9t\u00e9 (en cours)<\/i><\/div>\n<div style=\"padding-left: 60px;\"><i>L\u2019histoire du mariage (en cours)<\/i><\/div>\n<p><span style=\"text-decoration: underline;\"><strong>Nos diverses transcriptions<\/strong><\/span><\/p>\n<div style=\"padding-left: 30px;\"><em>Pour la commune d\u2019Ecuelles\u00a0: photographier des actes paroissiaux\u00a0(1671-1737) au sein de la Mairie<\/em> <i>(car actes manquants aux AD77)<\/i><\/div>\n<div style=\"padding-left: 30px;\">Pour la commune de Treuzy-Levelay\u00a0: transcription des documents<\/div>\n<div style=\"padding-left: 30px;\">\u00ab\u00a0Barri\u00e8res et achats d\u2019armes scolaires\u00a0\u00bb<\/div>\n<div style=\"padding-left: 30px;\">\u00ab\u00a0Construction d\u2019un b\u00e2timent destin\u00e9 pour la salle de la Mairie\u00a0\u00bb<\/div>\n<div style=\"padding-left: 30px;\">\u00ab\u00a0Construction d\u2019un lavoir sur le Lunain\u00a0\u00bb<\/div>\n<div style=\"padding-left: 30px;\">\u00ab\u00a0Couverture du lavoir\u00a0\u00bb<\/div>\n<div style=\"padding-left: 30px;\">\u00ab Objectif : acheter des fusils \u00bb<\/div>\n<div style=\"padding-left: 30px;\">\u00ab R\u00e9paration du clocher de Treuzy \u00bb,<\/div>\n<div style=\"padding-left: 30px;\">\u00ab\u00a0Travaux constituant au terrassement\u00a0\u00bb,<\/div>\n<div style=\"padding-left: 30px;\">\u00ab\u00a0Voirie rurale des barri\u00e8res\u00a0\u00bb<\/div>\n<div style=\"padding-left: 30px;\">\u00ab Achat d\u2019armes scolaires \u00bb<\/div>\n<div><\/div>\n<p><span style=\"text-decoration: underline;\"><strong>Nos travaux divers<\/strong><\/span><\/p>\n<div style=\"padding-left: 30px;\">Recensement militaire et les fiches matricules des soldats de la Communaut\u00e9 de Communes de Moret-Seine-et-Loing<\/div>\n<div style=\"padding-left: 30px;\">R\u00e9daction d\u2019un Bulletin \u00ab\u00a0Le Grimoire\u00a0\u00bb<\/div>\n","protected":false},"excerpt":{"rendered":"<p>Activit\u00e9s de 2007 \u00e0 2025 : Exposition de LARENA77\u00a0en 2007, 2009, 2011, 2013, 2014, 2016, 2018, 2023 En 2008\u00a0: Organisation de la cousinade Larpenteur-Michin (Fran\u00e7ais et Am\u00e9ricains) En 2014\u00a0: Avril\u00a0: \u00ab\u00a0Hommage aux soldats de la Grande Guerre 14-18\u00a0\u00bb Novembre\u00a0: Organisation exposition du Centenaire\u00a014-18 avec les communes de la Communaut\u00e9 de\u00a0Moret Seine et Loing et avec [&hellip;]<\/p>\n","protected":false},"author":3,"featured_media":0,"parent":0,"menu_order":0,"comment_status":"closed","ping_status":"closed","template":"","meta":{"_bbp_topic_count":0,"_bbp_reply_count":0,"_bbp_total_topic_count":0,"_bbp_total_reply_count":0,"_bbp_voice_count":0,"_bbp_anonymous_reply_count":0,"_bbp_topic_count_hidden":0,"_bbp_reply_count_hidden":0,"_bbp_forum_subforum_count":0},"_links":{"self":[{"href":"https:\/\/larena77.fr\/index.php?rest_route=\/wp\/v2\/pages\/30"}],"collection":[{"href":"https:\/\/larena77.fr\/index.php?rest_route=\/wp\/v2\/pages"}],"about":[{"href":"https:\/\/larena77.fr\/index.php?rest_route=\/wp\/v2\/types\/page"}],"author":[{"embeddable":true,"href":"https:\/\/larena77.fr\/index.php?rest_route=\/wp\/v2\/users\/3"}],"replies":[{"embeddable":true,"href":"https:\/\/larena77.fr\/index.php?rest_route=%2Fwp%2Fv2%2Fcomments&post=30"}],"version-history":[{"count":41,"href":"https:\/\/larena77.fr\/index.php?rest_route=\/wp\/v2\/pages\/30\/revisions"}],"predecessor-version":[{"id":5283,"href":"https:\/\/larena77.fr\/index.php?rest_route=\/wp\/v2\/pages\/30\/revisions\/5283"}],"wp:attachment":[{"href":"https:\/\/larena77.fr\/index.php?rest_route=%2Fwp%2Fv2%2Fmedia&parent=30"}],"curies":[{"name":"wp","href":"https:\/\/api.w.org\/{rel}","templated":true}]}}