{"id":2187,"date":"2017-03-13T08:08:33","date_gmt":"2017-03-13T08:08:33","guid":{"rendered":"http:\/\/larena77.fr\/?page_id=2187"},"modified":"2017-05-02T09:05:40","modified_gmt":"2017-05-02T09:05:40","slug":"les-10-ans-2007-2017","status":"publish","type":"page","link":"https:\/\/larena77.fr\/?page_id=2187","title":{"rendered":"Les 10 ans (2007-2017)"},"content":{"rendered":"<h2><strong><span style=\"color: #333399;\">LARENA77<\/span><\/strong>\u00a0a f\u00eat\u00e9 cette ann\u00e9e ses <span style=\"text-decoration: underline;\">10 ans<\/span>.<\/h2>\n<p>Samedi 29 avril apr\u00e8s-midi, un quizz\u00a0nous a fait\u00a0visiter Ch\u00e2teau-Landon,\u00a0une ville du sud de Seine-et-Marne.<\/p>\n\n\t\t<style type=\"text\/css\">\n\t\t\t#gallery-1 {\n\t\t\t\tmargin: auto;\n\t\t\t}\n\t\t\t#gallery-1 .gallery-item {\n\t\t\t\tfloat: left;\n\t\t\t\tmargin-top: 10px;\n\t\t\t\ttext-align: center;\n\t\t\t\twidth: 33%;\n\t\t\t}\n\t\t\t#gallery-1 img {\n\t\t\t\tborder: 2px solid #cfcfcf;\n\t\t\t}\n\t\t\t#gallery-1 .gallery-caption {\n\t\t\t\tmargin-left: 0;\n\t\t\t}\n\t\t\t\/* see gallery_shortcode() in wp-includes\/media.php *\/\n\t\t<\/style>\n\t\t<div id='gallery-1' class='gallery galleryid-2187 gallery-columns-3 gallery-size-medium'><dl class='gallery-item'>\n\t\t\t<dt class='gallery-icon landscape'>\n\t\t\t\t<a class=\"grouped_elements\" rel=\"tc-fancybox-group\" href=\"https:\/\/larena77.fr\/wp-content\/uploads\/2017\/05\/IMG_0274.jpg\" title=\"IMG_0274\"><img width=\"300\" height=\"200\" src=\"https:\/\/larena77.fr\/wp-content\/uploads\/2017\/05\/IMG_0274-300x200.jpg\" class=\"attachment-medium size-medium\" alt=\"\" decoding=\"async\" loading=\"lazy\" srcset=\"https:\/\/larena77.fr\/wp-content\/uploads\/2017\/05\/IMG_0274-300x200.jpg 300w, https:\/\/larena77.fr\/wp-content\/uploads\/2017\/05\/IMG_0274-768x512.jpg 768w, https:\/\/larena77.fr\/wp-content\/uploads\/2017\/05\/IMG_0274-1024x683.jpg 1024w, https:\/\/larena77.fr\/wp-content\/uploads\/2017\/05\/IMG_0274-600x400.jpg 600w, https:\/\/larena77.fr\/wp-content\/uploads\/2017\/05\/IMG_0274.jpg 1944w\" sizes=\"(max-width: 300px) 100vw, 300px\" \/><\/a>\n\t\t\t<\/dt>\n\t\t\t\t<dd class='wp-caption-text gallery-caption' id='gallery-1-2260'>\n\t\t\t\tCh\u00e2teau-Landon 29 avril 2017\n\t\t\t\t<\/dd><\/dl><dl class='gallery-item'>\n\t\t\t<dt class='gallery-icon landscape'>\n\t\t\t\t<a class=\"grouped_elements\" rel=\"tc-fancybox-group\" href=\"https:\/\/larena77.fr\/wp-content\/uploads\/2017\/05\/IMG_0276.jpg\" title=\"IMG_0276\"><img width=\"300\" height=\"200\" src=\"https:\/\/larena77.fr\/wp-content\/uploads\/2017\/05\/IMG_0276-300x200.jpg\" class=\"attachment-medium size-medium\" alt=\"\" decoding=\"async\" loading=\"lazy\" srcset=\"https:\/\/larena77.fr\/wp-content\/uploads\/2017\/05\/IMG_0276-300x200.jpg 300w, https:\/\/larena77.fr\/wp-content\/uploads\/2017\/05\/IMG_0276-768x512.jpg 768w, https:\/\/larena77.fr\/wp-content\/uploads\/2017\/05\/IMG_0276-1024x683.jpg 1024w, https:\/\/larena77.fr\/wp-content\/uploads\/2017\/05\/IMG_0276-600x400.jpg 600w, https:\/\/larena77.fr\/wp-content\/uploads\/2017\/05\/IMG_0276.jpg 1944w\" sizes=\"(max-width: 300px) 100vw, 300px\" \/><\/a>\n\t\t\t<\/dt>\n\t\t\t\t<dd class='wp-caption-text gallery-caption' id='gallery-1-2261'>\n\t\t\t\tCh\u00e2teau-Landon 29 avril 2017\n\t\t\t\t<\/dd><\/dl><dl class='gallery-item'>\n\t\t\t<dt class='gallery-icon landscape'>\n\t\t\t\t<a class=\"grouped_elements\" rel=\"tc-fancybox-group\" href=\"https:\/\/larena77.fr\/wp-content\/uploads\/2017\/05\/IMG_0280.jpg\" title=\"IMG_0280\"><img width=\"300\" height=\"200\" src=\"https:\/\/larena77.fr\/wp-content\/uploads\/2017\/05\/IMG_0280-300x200.jpg\" class=\"attachment-medium size-medium\" alt=\"\" decoding=\"async\" loading=\"lazy\" srcset=\"https:\/\/larena77.fr\/wp-content\/uploads\/2017\/05\/IMG_0280-300x200.jpg 300w, https:\/\/larena77.fr\/wp-content\/uploads\/2017\/05\/IMG_0280-768x512.jpg 768w, https:\/\/larena77.fr\/wp-content\/uploads\/2017\/05\/IMG_0280-1024x683.jpg 1024w, https:\/\/larena77.fr\/wp-content\/uploads\/2017\/05\/IMG_0280-600x400.jpg 600w, https:\/\/larena77.fr\/wp-content\/uploads\/2017\/05\/IMG_0280.jpg 1944w\" sizes=\"(max-width: 300px) 100vw, 300px\" \/><\/a>\n\t\t\t<\/dt>\n\t\t\t\t<dd class='wp-caption-text gallery-caption' id='gallery-1-2262'>\n\t\t\t\tCh\u00e2teau-Landon 29 avril 2017\n\t\t\t\t<\/dd><\/dl><br style=\"clear: both\" \/><dl class='gallery-item'>\n\t\t\t<dt class='gallery-icon landscape'>\n\t\t\t\t<a class=\"grouped_elements\" rel=\"tc-fancybox-group\" href=\"https:\/\/larena77.fr\/wp-content\/uploads\/2017\/05\/IMG_0282.jpg\" title=\"IMG_0282\"><img width=\"300\" height=\"200\" src=\"https:\/\/larena77.fr\/wp-content\/uploads\/2017\/05\/IMG_0282-300x200.jpg\" class=\"attachment-medium size-medium\" alt=\"\" decoding=\"async\" loading=\"lazy\" srcset=\"https:\/\/larena77.fr\/wp-content\/uploads\/2017\/05\/IMG_0282-300x200.jpg 300w, https:\/\/larena77.fr\/wp-content\/uploads\/2017\/05\/IMG_0282-768x512.jpg 768w, https:\/\/larena77.fr\/wp-content\/uploads\/2017\/05\/IMG_0282-1024x683.jpg 1024w, https:\/\/larena77.fr\/wp-content\/uploads\/2017\/05\/IMG_0282-600x400.jpg 600w, https:\/\/larena77.fr\/wp-content\/uploads\/2017\/05\/IMG_0282.jpg 1944w\" sizes=\"(max-width: 300px) 100vw, 300px\" \/><\/a>\n\t\t\t<\/dt>\n\t\t\t\t<dd class='wp-caption-text gallery-caption' id='gallery-1-2263'>\n\t\t\t\tCh\u00e2teau-Landon 29 avril 2017\n\t\t\t\t<\/dd><\/dl><dl class='gallery-item'>\n\t\t\t<dt class='gallery-icon landscape'>\n\t\t\t\t<a class=\"grouped_elements\" rel=\"tc-fancybox-group\" href=\"https:\/\/larena77.fr\/wp-content\/uploads\/2017\/05\/IMG_0284.jpg\" title=\"IMG_0284\"><img width=\"300\" height=\"200\" src=\"https:\/\/larena77.fr\/wp-content\/uploads\/2017\/05\/IMG_0284-300x200.jpg\" class=\"attachment-medium size-medium\" alt=\"\" decoding=\"async\" loading=\"lazy\" srcset=\"https:\/\/larena77.fr\/wp-content\/uploads\/2017\/05\/IMG_0284-300x200.jpg 300w, https:\/\/larena77.fr\/wp-content\/uploads\/2017\/05\/IMG_0284-768x512.jpg 768w, https:\/\/larena77.fr\/wp-content\/uploads\/2017\/05\/IMG_0284-1024x683.jpg 1024w, https:\/\/larena77.fr\/wp-content\/uploads\/2017\/05\/IMG_0284-600x400.jpg 600w, https:\/\/larena77.fr\/wp-content\/uploads\/2017\/05\/IMG_0284.jpg 1944w\" sizes=\"(max-width: 300px) 100vw, 300px\" \/><\/a>\n\t\t\t<\/dt>\n\t\t\t\t<dd class='wp-caption-text gallery-caption' id='gallery-1-2264'>\n\t\t\t\tCh\u00e2teau-Landon 29 avril 2017\n\t\t\t\t<\/dd><\/dl><dl class='gallery-item'>\n\t\t\t<dt class='gallery-icon landscape'>\n\t\t\t\t<a class=\"grouped_elements\" rel=\"tc-fancybox-group\" href=\"https:\/\/larena77.fr\/wp-content\/uploads\/2017\/05\/IMG_0286.jpg\" title=\"IMG_0286\"><img width=\"300\" height=\"200\" src=\"https:\/\/larena77.fr\/wp-content\/uploads\/2017\/05\/IMG_0286-300x200.jpg\" class=\"attachment-medium size-medium\" alt=\"\" decoding=\"async\" loading=\"lazy\" srcset=\"https:\/\/larena77.fr\/wp-content\/uploads\/2017\/05\/IMG_0286-300x200.jpg 300w, https:\/\/larena77.fr\/wp-content\/uploads\/2017\/05\/IMG_0286-768x512.jpg 768w, https:\/\/larena77.fr\/wp-content\/uploads\/2017\/05\/IMG_0286-1024x683.jpg 1024w, https:\/\/larena77.fr\/wp-content\/uploads\/2017\/05\/IMG_0286-600x400.jpg 600w, https:\/\/larena77.fr\/wp-content\/uploads\/2017\/05\/IMG_0286.jpg 1944w\" sizes=\"(max-width: 300px) 100vw, 300px\" \/><\/a>\n\t\t\t<\/dt>\n\t\t\t\t<dd class='wp-caption-text gallery-caption' id='gallery-1-2265'>\n\t\t\t\tCh\u00e2teau-Landon 29 avril 2017\n\t\t\t\t<\/dd><\/dl><br style=\"clear: both\" \/><dl class='gallery-item'>\n\t\t\t<dt class='gallery-icon landscape'>\n\t\t\t\t<a class=\"grouped_elements\" rel=\"tc-fancybox-group\" href=\"https:\/\/larena77.fr\/wp-content\/uploads\/2017\/05\/IMG_0294.jpg\" title=\"IMG_0294\"><img width=\"300\" height=\"200\" src=\"https:\/\/larena77.fr\/wp-content\/uploads\/2017\/05\/IMG_0294-300x200.jpg\" class=\"attachment-medium size-medium\" alt=\"\" decoding=\"async\" loading=\"lazy\" srcset=\"https:\/\/larena77.fr\/wp-content\/uploads\/2017\/05\/IMG_0294-300x200.jpg 300w, https:\/\/larena77.fr\/wp-content\/uploads\/2017\/05\/IMG_0294-768x512.jpg 768w, https:\/\/larena77.fr\/wp-content\/uploads\/2017\/05\/IMG_0294-1024x683.jpg 1024w, https:\/\/larena77.fr\/wp-content\/uploads\/2017\/05\/IMG_0294-600x400.jpg 600w, https:\/\/larena77.fr\/wp-content\/uploads\/2017\/05\/IMG_0294.jpg 1944w\" sizes=\"(max-width: 300px) 100vw, 300px\" \/><\/a>\n\t\t\t<\/dt>\n\t\t\t\t<dd class='wp-caption-text gallery-caption' id='gallery-1-2266'>\n\t\t\t\tCh\u00e2teau-Landon 29 avril 2017\n\t\t\t\t<\/dd><\/dl><dl class='gallery-item'>\n\t\t\t<dt class='gallery-icon landscape'>\n\t\t\t\t<a class=\"grouped_elements\" rel=\"tc-fancybox-group\" href=\"https:\/\/larena77.fr\/wp-content\/uploads\/2017\/05\/IMG_0307.jpg\" title=\"IMG_0307\"><img width=\"300\" height=\"200\" src=\"https:\/\/larena77.fr\/wp-content\/uploads\/2017\/05\/IMG_0307-300x200.jpg\" class=\"attachment-medium size-medium\" alt=\"\" decoding=\"async\" loading=\"lazy\" srcset=\"https:\/\/larena77.fr\/wp-content\/uploads\/2017\/05\/IMG_0307-300x200.jpg 300w, https:\/\/larena77.fr\/wp-content\/uploads\/2017\/05\/IMG_0307-768x512.jpg 768w, https:\/\/larena77.fr\/wp-content\/uploads\/2017\/05\/IMG_0307-1024x683.jpg 1024w, https:\/\/larena77.fr\/wp-content\/uploads\/2017\/05\/IMG_0307-600x400.jpg 600w, https:\/\/larena77.fr\/wp-content\/uploads\/2017\/05\/IMG_0307.jpg 1944w\" sizes=\"(max-width: 300px) 100vw, 300px\" \/><\/a>\n\t\t\t<\/dt>\n\t\t\t\t<dd class='wp-caption-text gallery-caption' id='gallery-1-2267'>\n\t\t\t\tCh\u00e2teau-Landon 29 avril 2017\n\t\t\t\t<\/dd><\/dl><dl class='gallery-item'>\n\t\t\t<dt class='gallery-icon landscape'>\n\t\t\t\t<a class=\"grouped_elements\" rel=\"tc-fancybox-group\" href=\"https:\/\/larena77.fr\/wp-content\/uploads\/2017\/05\/IMG_0308.jpg\" title=\"IMG_0308\"><img width=\"300\" height=\"200\" src=\"https:\/\/larena77.fr\/wp-content\/uploads\/2017\/05\/IMG_0308-300x200.jpg\" class=\"attachment-medium size-medium\" alt=\"\" decoding=\"async\" loading=\"lazy\" srcset=\"https:\/\/larena77.fr\/wp-content\/uploads\/2017\/05\/IMG_0308-300x200.jpg 300w, https:\/\/larena77.fr\/wp-content\/uploads\/2017\/05\/IMG_0308-768x512.jpg 768w, https:\/\/larena77.fr\/wp-content\/uploads\/2017\/05\/IMG_0308-1024x683.jpg 1024w, https:\/\/larena77.fr\/wp-content\/uploads\/2017\/05\/IMG_0308-600x400.jpg 600w, https:\/\/larena77.fr\/wp-content\/uploads\/2017\/05\/IMG_0308.jpg 1944w\" sizes=\"(max-width: 300px) 100vw, 300px\" \/><\/a>\n\t\t\t<\/dt>\n\t\t\t\t<dd class='wp-caption-text gallery-caption' id='gallery-1-2268'>\n\t\t\t\tCh\u00e2teau-Landon 29 avril 2017\n\t\t\t\t<\/dd><\/dl><br style=\"clear: both\" \/><dl class='gallery-item'>\n\t\t\t<dt class='gallery-icon landscape'>\n\t\t\t\t<a class=\"grouped_elements\" rel=\"tc-fancybox-group\" href=\"https:\/\/larena77.fr\/wp-content\/uploads\/2017\/05\/IMG_0309.jpg\" title=\"IMG_0309\"><img width=\"300\" height=\"200\" src=\"https:\/\/larena77.fr\/wp-content\/uploads\/2017\/05\/IMG_0309-300x200.jpg\" class=\"attachment-medium size-medium\" alt=\"\" decoding=\"async\" loading=\"lazy\" srcset=\"https:\/\/larena77.fr\/wp-content\/uploads\/2017\/05\/IMG_0309-300x200.jpg 300w, https:\/\/larena77.fr\/wp-content\/uploads\/2017\/05\/IMG_0309-768x512.jpg 768w, https:\/\/larena77.fr\/wp-content\/uploads\/2017\/05\/IMG_0309-1024x683.jpg 1024w, https:\/\/larena77.fr\/wp-content\/uploads\/2017\/05\/IMG_0309-600x400.jpg 600w, https:\/\/larena77.fr\/wp-content\/uploads\/2017\/05\/IMG_0309.jpg 1944w\" sizes=\"(max-width: 300px) 100vw, 300px\" \/><\/a>\n\t\t\t<\/dt>\n\t\t\t\t<dd class='wp-caption-text gallery-caption' id='gallery-1-2269'>\n\t\t\t\tCh\u00e2teau-Landon 29 avril 2017\n\t\t\t\t<\/dd><\/dl><dl class='gallery-item'>\n\t\t\t<dt class='gallery-icon landscape'>\n\t\t\t\t<a class=\"grouped_elements\" rel=\"tc-fancybox-group\" href=\"https:\/\/larena77.fr\/wp-content\/uploads\/2017\/05\/IMG_0313.jpg\" title=\"IMG_0313\"><img width=\"300\" height=\"200\" src=\"https:\/\/larena77.fr\/wp-content\/uploads\/2017\/05\/IMG_0313-300x200.jpg\" class=\"attachment-medium size-medium\" alt=\"\" decoding=\"async\" loading=\"lazy\" srcset=\"https:\/\/larena77.fr\/wp-content\/uploads\/2017\/05\/IMG_0313-300x200.jpg 300w, https:\/\/larena77.fr\/wp-content\/uploads\/2017\/05\/IMG_0313-768x512.jpg 768w, https:\/\/larena77.fr\/wp-content\/uploads\/2017\/05\/IMG_0313-1024x683.jpg 1024w, https:\/\/larena77.fr\/wp-content\/uploads\/2017\/05\/IMG_0313-600x400.jpg 600w, https:\/\/larena77.fr\/wp-content\/uploads\/2017\/05\/IMG_0313.jpg 1944w\" sizes=\"(max-width: 300px) 100vw, 300px\" \/><\/a>\n\t\t\t<\/dt>\n\t\t\t\t<dd class='wp-caption-text gallery-caption' id='gallery-1-2270'>\n\t\t\t\tCh\u00e2teau-Landon 29 avril 2017\n\t\t\t\t<\/dd><\/dl><dl class='gallery-item'>\n\t\t\t<dt class='gallery-icon landscape'>\n\t\t\t\t<a class=\"grouped_elements\" rel=\"tc-fancybox-group\" href=\"https:\/\/larena77.fr\/wp-content\/uploads\/2017\/05\/IMG_0326.jpg\" title=\"IMG_0326\"><img width=\"300\" height=\"200\" src=\"https:\/\/larena77.fr\/wp-content\/uploads\/2017\/05\/IMG_0326-300x200.jpg\" class=\"attachment-medium size-medium\" alt=\"\" decoding=\"async\" loading=\"lazy\" srcset=\"https:\/\/larena77.fr\/wp-content\/uploads\/2017\/05\/IMG_0326-300x200.jpg 300w, https:\/\/larena77.fr\/wp-content\/uploads\/2017\/05\/IMG_0326-768x512.jpg 768w, https:\/\/larena77.fr\/wp-content\/uploads\/2017\/05\/IMG_0326-1024x683.jpg 1024w, https:\/\/larena77.fr\/wp-content\/uploads\/2017\/05\/IMG_0326-600x400.jpg 600w, https:\/\/larena77.fr\/wp-content\/uploads\/2017\/05\/IMG_0326.jpg 1944w\" sizes=\"(max-width: 300px) 100vw, 300px\" \/><\/a>\n\t\t\t<\/dt>\n\t\t\t\t<dd class='wp-caption-text gallery-caption' id='gallery-1-2271'>\n\t\t\t\tCh\u00e2teau-Landon 29 avril 2017\n\t\t\t\t<\/dd><\/dl><br style=\"clear: both\" \/>\n\t\t<\/div>\n\n<p>Nous avons termin\u00e9 la journ\u00e9e par\u00a0un d\u00eener\u00a0au restaurant \u00ab\u00a0Le Martingo\u00a0\u00bb \u00e0 Bourron-Marlotte.<\/p>\n\n\t\t<style type=\"text\/css\">\n\t\t\t#gallery-2 {\n\t\t\t\tmargin: auto;\n\t\t\t}\n\t\t\t#gallery-2 .gallery-item {\n\t\t\t\tfloat: left;\n\t\t\t\tmargin-top: 10px;\n\t\t\t\ttext-align: center;\n\t\t\t\twidth: 33%;\n\t\t\t}\n\t\t\t#gallery-2 img {\n\t\t\t\tborder: 2px solid #cfcfcf;\n\t\t\t}\n\t\t\t#gallery-2 .gallery-caption {\n\t\t\t\tmargin-left: 0;\n\t\t\t}\n\t\t\t\/* see gallery_shortcode() in wp-includes\/media.php *\/\n\t\t<\/style>\n\t\t<div id='gallery-2' class='gallery galleryid-2187 gallery-columns-3 gallery-size-medium'><dl class='gallery-item'>\n\t\t\t<dt class='gallery-icon portrait'>\n\t\t\t\t<a class=\"grouped_elements\" rel=\"tc-fancybox-group\" href=\"https:\/\/larena77.fr\/wp-content\/uploads\/2017\/05\/IMG_0330.jpg\" title=\"IMG_0330\"><img width=\"200\" height=\"300\" src=\"https:\/\/larena77.fr\/wp-content\/uploads\/2017\/05\/IMG_0330-200x300.jpg\" class=\"attachment-medium size-medium\" alt=\"\" decoding=\"async\" loading=\"lazy\" srcset=\"https:\/\/larena77.fr\/wp-content\/uploads\/2017\/05\/IMG_0330-200x300.jpg 200w, https:\/\/larena77.fr\/wp-content\/uploads\/2017\/05\/IMG_0330-768x1152.jpg 768w, https:\/\/larena77.fr\/wp-content\/uploads\/2017\/05\/IMG_0330-683x1024.jpg 683w, https:\/\/larena77.fr\/wp-content\/uploads\/2017\/05\/IMG_0330-600x900.jpg 600w, https:\/\/larena77.fr\/wp-content\/uploads\/2017\/05\/IMG_0330.jpg 1296w\" sizes=\"(max-width: 200px) 100vw, 200px\" \/><\/a>\n\t\t\t<\/dt>\n\t\t\t\t<dd class='wp-caption-text gallery-caption' id='gallery-2-2272'>\n\t\t\t\tBourron-Marlotte 29 avril 2017\n\t\t\t\t<\/dd><\/dl><dl class='gallery-item'>\n\t\t\t<dt class='gallery-icon landscape'>\n\t\t\t\t<a class=\"grouped_elements\" rel=\"tc-fancybox-group\" href=\"https:\/\/larena77.fr\/wp-content\/uploads\/2017\/05\/IMG_0334.jpg\" title=\"IMG_0334\"><img width=\"300\" height=\"200\" src=\"https:\/\/larena77.fr\/wp-content\/uploads\/2017\/05\/IMG_0334-300x200.jpg\" class=\"attachment-medium size-medium\" alt=\"\" decoding=\"async\" loading=\"lazy\" srcset=\"https:\/\/larena77.fr\/wp-content\/uploads\/2017\/05\/IMG_0334-300x200.jpg 300w, https:\/\/larena77.fr\/wp-content\/uploads\/2017\/05\/IMG_0334-768x512.jpg 768w, https:\/\/larena77.fr\/wp-content\/uploads\/2017\/05\/IMG_0334-1024x683.jpg 1024w, https:\/\/larena77.fr\/wp-content\/uploads\/2017\/05\/IMG_0334-600x400.jpg 600w, https:\/\/larena77.fr\/wp-content\/uploads\/2017\/05\/IMG_0334.jpg 1944w\" sizes=\"(max-width: 300px) 100vw, 300px\" \/><\/a>\n\t\t\t<\/dt>\n\t\t\t\t<dd class='wp-caption-text gallery-caption' id='gallery-2-2273'>\n\t\t\t\tBourron-Marlotte 29 avril 2017\n\t\t\t\t<\/dd><\/dl><dl class='gallery-item'>\n\t\t\t<dt class='gallery-icon landscape'>\n\t\t\t\t<a class=\"grouped_elements\" rel=\"tc-fancybox-group\" href=\"https:\/\/larena77.fr\/wp-content\/uploads\/2017\/05\/IMG_0336.jpg\" title=\"IMG_0336\"><img width=\"300\" height=\"200\" src=\"https:\/\/larena77.fr\/wp-content\/uploads\/2017\/05\/IMG_0336-300x200.jpg\" class=\"attachment-medium size-medium\" alt=\"\" decoding=\"async\" loading=\"lazy\" srcset=\"https:\/\/larena77.fr\/wp-content\/uploads\/2017\/05\/IMG_0336-300x200.jpg 300w, https:\/\/larena77.fr\/wp-content\/uploads\/2017\/05\/IMG_0336-768x512.jpg 768w, https:\/\/larena77.fr\/wp-content\/uploads\/2017\/05\/IMG_0336-1024x683.jpg 1024w, https:\/\/larena77.fr\/wp-content\/uploads\/2017\/05\/IMG_0336-600x400.jpg 600w, https:\/\/larena77.fr\/wp-content\/uploads\/2017\/05\/IMG_0336.jpg 1944w\" sizes=\"(max-width: 300px) 100vw, 300px\" \/><\/a>\n\t\t\t<\/dt>\n\t\t\t\t<dd class='wp-caption-text gallery-caption' id='gallery-2-2274'>\n\t\t\t\tBourron-Marlotte 29 avril 2017\n\t\t\t\t<\/dd><\/dl><br style=\"clear: both\" \/><dl class='gallery-item'>\n\t\t\t<dt class='gallery-icon landscape'>\n\t\t\t\t<a class=\"grouped_elements\" rel=\"tc-fancybox-group\" href=\"https:\/\/larena77.fr\/wp-content\/uploads\/2017\/05\/IMG_0338.jpg\" title=\"IMG_0338\"><img width=\"300\" height=\"200\" src=\"https:\/\/larena77.fr\/wp-content\/uploads\/2017\/05\/IMG_0338-300x200.jpg\" class=\"attachment-medium size-medium\" alt=\"\" decoding=\"async\" loading=\"lazy\" srcset=\"https:\/\/larena77.fr\/wp-content\/uploads\/2017\/05\/IMG_0338-300x200.jpg 300w, https:\/\/larena77.fr\/wp-content\/uploads\/2017\/05\/IMG_0338-768x512.jpg 768w, https:\/\/larena77.fr\/wp-content\/uploads\/2017\/05\/IMG_0338-1024x683.jpg 1024w, https:\/\/larena77.fr\/wp-content\/uploads\/2017\/05\/IMG_0338-600x400.jpg 600w, https:\/\/larena77.fr\/wp-content\/uploads\/2017\/05\/IMG_0338.jpg 1944w\" sizes=\"(max-width: 300px) 100vw, 300px\" \/><\/a>\n\t\t\t<\/dt>\n\t\t\t\t<dd class='wp-caption-text gallery-caption' id='gallery-2-2275'>\n\t\t\t\tBourron-Marlotte 29 avril 2017\n\t\t\t\t<\/dd><\/dl><dl class='gallery-item'>\n\t\t\t<dt class='gallery-icon landscape'>\n\t\t\t\t<a class=\"grouped_elements\" rel=\"tc-fancybox-group\" href=\"https:\/\/larena77.fr\/wp-content\/uploads\/2017\/05\/IMG_0339.jpg\" title=\"IMG_0339\"><img width=\"300\" height=\"200\" src=\"https:\/\/larena77.fr\/wp-content\/uploads\/2017\/05\/IMG_0339-300x200.jpg\" class=\"attachment-medium size-medium\" alt=\"\" decoding=\"async\" loading=\"lazy\" srcset=\"https:\/\/larena77.fr\/wp-content\/uploads\/2017\/05\/IMG_0339-300x200.jpg 300w, https:\/\/larena77.fr\/wp-content\/uploads\/2017\/05\/IMG_0339-768x512.jpg 768w, https:\/\/larena77.fr\/wp-content\/uploads\/2017\/05\/IMG_0339-1024x683.jpg 1024w, https:\/\/larena77.fr\/wp-content\/uploads\/2017\/05\/IMG_0339-600x400.jpg 600w, https:\/\/larena77.fr\/wp-content\/uploads\/2017\/05\/IMG_0339.jpg 1944w\" sizes=\"(max-width: 300px) 100vw, 300px\" \/><\/a>\n\t\t\t<\/dt>\n\t\t\t\t<dd class='wp-caption-text gallery-caption' id='gallery-2-2276'>\n\t\t\t\tBourron-Marlotte 29 avril 2017\n\t\t\t\t<\/dd><\/dl><dl class='gallery-item'>\n\t\t\t<dt class='gallery-icon landscape'>\n\t\t\t\t<a class=\"grouped_elements\" rel=\"tc-fancybox-group\" href=\"https:\/\/larena77.fr\/wp-content\/uploads\/2017\/05\/IMG_0340.jpg\" title=\"IMG_0340\"><img width=\"300\" height=\"200\" src=\"https:\/\/larena77.fr\/wp-content\/uploads\/2017\/05\/IMG_0340-300x200.jpg\" class=\"attachment-medium size-medium\" alt=\"\" decoding=\"async\" loading=\"lazy\" srcset=\"https:\/\/larena77.fr\/wp-content\/uploads\/2017\/05\/IMG_0340-300x200.jpg 300w, https:\/\/larena77.fr\/wp-content\/uploads\/2017\/05\/IMG_0340-768x512.jpg 768w, https:\/\/larena77.fr\/wp-content\/uploads\/2017\/05\/IMG_0340-1024x683.jpg 1024w, https:\/\/larena77.fr\/wp-content\/uploads\/2017\/05\/IMG_0340-600x400.jpg 600w, https:\/\/larena77.fr\/wp-content\/uploads\/2017\/05\/IMG_0340.jpg 1944w\" sizes=\"(max-width: 300px) 100vw, 300px\" \/><\/a>\n\t\t\t<\/dt>\n\t\t\t\t<dd class='wp-caption-text gallery-caption' id='gallery-2-2277'>\n\t\t\t\tBourron-Marlotte 29 avril 2017\n\t\t\t\t<\/dd><\/dl><br style=\"clear: both\" \/><dl class='gallery-item'>\n\t\t\t<dt class='gallery-icon landscape'>\n\t\t\t\t<a class=\"grouped_elements\" rel=\"tc-fancybox-group\" href=\"https:\/\/larena77.fr\/wp-content\/uploads\/2017\/05\/IMG_0341.jpg\" title=\"IMG_0341\"><img width=\"300\" height=\"200\" src=\"https:\/\/larena77.fr\/wp-content\/uploads\/2017\/05\/IMG_0341-300x200.jpg\" class=\"attachment-medium size-medium\" alt=\"\" decoding=\"async\" loading=\"lazy\" srcset=\"https:\/\/larena77.fr\/wp-content\/uploads\/2017\/05\/IMG_0341-300x200.jpg 300w, https:\/\/larena77.fr\/wp-content\/uploads\/2017\/05\/IMG_0341-768x512.jpg 768w, https:\/\/larena77.fr\/wp-content\/uploads\/2017\/05\/IMG_0341-1024x683.jpg 1024w, https:\/\/larena77.fr\/wp-content\/uploads\/2017\/05\/IMG_0341-600x400.jpg 600w, https:\/\/larena77.fr\/wp-content\/uploads\/2017\/05\/IMG_0341.jpg 1944w\" sizes=\"(max-width: 300px) 100vw, 300px\" \/><\/a>\n\t\t\t<\/dt>\n\t\t\t\t<dd class='wp-caption-text gallery-caption' id='gallery-2-2278'>\n\t\t\t\tBourron-Marlotte 29 avril 2017\n\t\t\t\t<\/dd><\/dl><dl class='gallery-item'>\n\t\t\t<dt class='gallery-icon landscape'>\n\t\t\t\t<a class=\"grouped_elements\" rel=\"tc-fancybox-group\" href=\"https:\/\/larena77.fr\/wp-content\/uploads\/2017\/05\/IMG_0342.jpg\" title=\"IMG_0342\"><img width=\"300\" height=\"200\" src=\"https:\/\/larena77.fr\/wp-content\/uploads\/2017\/05\/IMG_0342-300x200.jpg\" class=\"attachment-medium size-medium\" alt=\"\" decoding=\"async\" loading=\"lazy\" srcset=\"https:\/\/larena77.fr\/wp-content\/uploads\/2017\/05\/IMG_0342-300x200.jpg 300w, https:\/\/larena77.fr\/wp-content\/uploads\/2017\/05\/IMG_0342-768x512.jpg 768w, https:\/\/larena77.fr\/wp-content\/uploads\/2017\/05\/IMG_0342-1024x683.jpg 1024w, https:\/\/larena77.fr\/wp-content\/uploads\/2017\/05\/IMG_0342-600x400.jpg 600w, https:\/\/larena77.fr\/wp-content\/uploads\/2017\/05\/IMG_0342.jpg 1944w\" sizes=\"(max-width: 300px) 100vw, 300px\" \/><\/a>\n\t\t\t<\/dt>\n\t\t\t\t<dd class='wp-caption-text gallery-caption' id='gallery-2-2279'>\n\t\t\t\tBourron-Marlotte 29 avril 2017\n\t\t\t\t<\/dd><\/dl>\n\t\t\t<br style='clear: both' \/>\n\t\t<\/div>\n\n","protected":false},"excerpt":{"rendered":"<p>LARENA77\u00a0a f\u00eat\u00e9 cette ann\u00e9e ses 10 ans. Samedi 29 avril apr\u00e8s-midi, un quizz\u00a0nous a fait\u00a0visiter Ch\u00e2teau-Landon,\u00a0une ville du sud de Seine-et-Marne. Nous avons termin\u00e9 la journ\u00e9e par\u00a0un d\u00eener\u00a0au restaurant \u00ab\u00a0Le Martingo\u00a0\u00bb \u00e0 Bourron-Marlotte.<\/p>\n","protected":false},"author":3,"featured_media":0,"parent":0,"menu_order":0,"comment_status":"closed","ping_status":"closed","template":"","meta":{"_bbp_topic_count":0,"_bbp_reply_count":0,"_bbp_total_topic_count":0,"_bbp_total_reply_count":0,"_bbp_voice_count":0,"_bbp_anonymous_reply_count":0,"_bbp_topic_count_hidden":0,"_bbp_reply_count_hidden":0,"_bbp_forum_subforum_count":0},"_links":{"self":[{"href":"https:\/\/larena77.fr\/index.php?rest_route=\/wp\/v2\/pages\/2187"}],"collection":[{"href":"https:\/\/larena77.fr\/index.php?rest_route=\/wp\/v2\/pages"}],"about":[{"href":"https:\/\/larena77.fr\/index.php?rest_route=\/wp\/v2\/types\/page"}],"author":[{"embeddable":true,"href":"https:\/\/larena77.fr\/index.php?rest_route=\/wp\/v2\/users\/3"}],"replies":[{"embeddable":true,"href":"https:\/\/larena77.fr\/index.php?rest_route=%2Fwp%2Fv2%2Fcomments&post=2187"}],"version-history":[{"count":8,"href":"https:\/\/larena77.fr\/index.php?rest_route=\/wp\/v2\/pages\/2187\/revisions"}],"predecessor-version":[{"id":2282,"href":"https:\/\/larena77.fr\/index.php?rest_route=\/wp\/v2\/pages\/2187\/revisions\/2282"}],"wp:attachment":[{"href":"https:\/\/larena77.fr\/index.php?rest_route=%2Fwp%2Fv2%2Fmedia&parent=2187"}],"curies":[{"name":"wp","href":"https:\/\/api.w.org\/{rel}","templated":true}]}}