{"id":218,"date":"2015-02-26T10:20:57","date_gmt":"2015-02-26T10:20:57","guid":{"rendered":"http:\/\/localhost:8888\/?page_id=218"},"modified":"2020-08-30T10:47:29","modified_gmt":"2020-08-30T10:47:29","slug":"finances","status":"publish","type":"page","link":"https:\/\/larena77.fr\/?page_id=218","title":{"rendered":"Finances\/A.G."},"content":{"rendered":"<p>Assembl\u00e9e g\u00e9n\u00e9rale 2020<\/p>\n<ul>\n<li><a href=\"http:\/\/larena77.fr\/wp-content\/uploads\/2020\/08\/LARENA77-AG-2020-Emargement-et-pouvoirs.pdf\" target=\"_blank\" rel=\"noopener noreferrer\">\u00e9margement et pouvoirs<\/a><\/li>\n<li><a href=\"http:\/\/larena77.fr\/wp-content\/uploads\/2020\/08\/LARENA77-AG-2020-Proc\u00e8s-verbal.pdf\" target=\"_blank\" rel=\"noopener noreferrer\">proc\u00e8s-verbal<\/a><\/li>\n<\/ul>\n<p>Assembl\u00e9e g\u00e9n\u00e9rale 2019<\/p>\n<ul>\n<li><a href=\"http:\/\/larena77.fr\/wp-content\/uploads\/2020\/08\/2019_AG_Convocation.doc\" target=\"_blank\" rel=\"noopener noreferrer\">convocation<\/a><\/li>\n<li><a href=\"http:\/\/larena77.fr\/wp-content\/uploads\/2020\/08\/2019_AG_liste-d\u00e9margement.pdf\" target=\"_blank\" rel=\"noopener noreferrer\">\u00e9margement<\/a><\/li>\n<\/ul>\n<p>Assembl\u00e9e g\u00e9n\u00e9rale 2018<\/p>\n<ul>\n<li><a href=\"http:\/\/larena77.fr\/wp-content\/uploads\/2020\/08\/2018_AG_Convocation_2.pdf\" target=\"_blank\" rel=\"noopener noreferrer\">convocation<\/a><\/li>\n<\/ul>\n<p>Assembl\u00e9e g\u00e9n\u00e9rale 2017<\/p>\n<ul>\n<li><a href=\"http:\/\/larena77.fr\/wp-content\/uploads\/2017\/05\/2017_Convocation-AG.doc\" target=\"_blank\" rel=\"noopener noreferrer\">Convocation<\/a><\/li>\n<li><a href=\"http:\/\/larena77.fr\/wp-content\/uploads\/2017\/05\/2017_Invitation-AG-\u00e0-la-galette.doc\" target=\"_blank\" rel=\"noopener noreferrer\">Invitation<\/a><\/li>\n<li><a href=\"http:\/\/larena77.fr\/wp-content\/uploads\/2017\/02\/2017-01-28-COMPTE-RENDU-AG.pdf\" target=\"_blank\" rel=\"noopener noreferrer\">Compte-rendu<\/a><\/li>\n<li>Rapport moral<\/li>\n<li><a href=\"http:\/\/larena77.fr\/wp-content\/uploads\/2017\/05\/BILAN-ASSOCIATIF-ACTIF.pdf\" target=\"_blank\" rel=\"noopener noreferrer\">Bilan associatif &#8211; actif<\/a><\/li>\n<li><a href=\"http:\/\/larena77.fr\/wp-content\/uploads\/2017\/05\/Balance-des-comptes-compta.-g\u00e9n\u00e9rale.pdf\" target=\"_blank\" rel=\"noopener noreferrer\">Balance des comptes (compta. g\u00e9n\u00e9rale)<\/a><\/li>\n<li><a href=\"http:\/\/larena77.fr\/wp-content\/uploads\/2017\/05\/Grand-livre-des-\u00e9critures-31-12-2016.pdf\" target=\"_blank\" rel=\"noopener noreferrer\">Grand livre des \u00e9critures au 31.12.2016<\/a><\/li>\n<li><a href=\"http:\/\/larena77.fr\/wp-content\/uploads\/2017\/02\/BUDGET-REALISE-2016.pdf\" target=\"_blank\" rel=\"noopener noreferrer\">Bilan\u00a0financier 2016<\/a><\/li>\n<li><a href=\"http:\/\/larena77.fr\/wp-content\/uploads\/2017\/02\/BUDGET-PREV-2017.pdf\" target=\"_blank\" rel=\"noopener noreferrer\">Budget pr\u00e9visionnel 2017<\/a><\/li>\n<\/ul>\n<p>Assembl\u00e9e g\u00e9n\u00e9rale 2016<\/p>\n<ul>\n<li><a href=\"http:\/\/larena77.fr\/wp-content\/uploads\/2017\/05\/2016_Convocation-AG.pdf\" target=\"_blank\" rel=\"noopener noreferrer\">Convocation<\/a><\/li>\n<li><a href=\"http:\/\/larena77.fr\/wp-content\/uploads\/2017\/05\/2016_Invitation-AG-\u00e0-la-galette.pdf\" target=\"_blank\" rel=\"noopener noreferrer\">Invitation<\/a><\/li>\n<li><a href=\"http:\/\/larena77.fr\/wp-content\/uploads\/2017\/05\/Proc\u00e9s-verbal-de-lAG-du-23-Janvier-2016.pdf\" target=\"_blank\" rel=\"noopener noreferrer\">Proc\u00e8s-verbal<\/a><\/li>\n<li><a href=\"http:\/\/larena77.fr\/wp-content\/uploads\/2017\/05\/GLIGEN.xlsx\" target=\"_blank\" rel=\"noopener noreferrer\">GLIGEN<\/a><\/li>\n<li><a href=\"http:\/\/larena77.fr\/wp-content\/uploads\/2017\/05\/BUDGET-2016.xlsx\" target=\"_blank\" rel=\"noopener noreferrer\">Budget 2016<\/a><\/li>\n<li><a href=\"http:\/\/larena77.fr\/wp-content\/uploads\/2017\/05\/PREVISION-2016.xlsx\" target=\"_blank\" rel=\"noopener noreferrer\">Pr\u00e9vision forum 2016<\/a><\/li>\n<\/ul>\n<p>Assembl\u00e9e g\u00e9n\u00e9rale 2015<\/p>\n<ul>\n<li><a href=\"http:\/\/larena77.fr\/wp-content\/uploads\/2015\/02\/Rapport-Moral_24-janvier-2015.pdf\" target=\"_blank\" rel=\"noopener noreferrer\">Rapport Moral_24 janvier 2015<\/a><\/li>\n<li><a href=\"http:\/\/larena77.fr\/wp-content\/uploads\/2015\/02\/2015-01-24-COMPTE-RENDU-AG.pdf\" target=\"_blank\" rel=\"noopener noreferrer\">2015-01-24 COMPTE-RENDU AG<\/a><\/li>\n<li><a href=\"http:\/\/larena77.fr\/wp-content\/uploads\/2015\/02\/budget_2014_ag.pdf\" target=\"_blank\" rel=\"noopener noreferrer\">Budget 2014 AG<\/a><\/li>\n<\/ul>\n","protected":false},"excerpt":{"rendered":"<p>Assembl\u00e9e g\u00e9n\u00e9rale 2020 \u00e9margement et pouvoirs proc\u00e8s-verbal Assembl\u00e9e g\u00e9n\u00e9rale 2019 convocation \u00e9margement Assembl\u00e9e g\u00e9n\u00e9rale 2018 convocation Assembl\u00e9e g\u00e9n\u00e9rale 2017 Convocation Invitation Compte-rendu Rapport moral Bilan associatif &#8211; actif Balance des comptes (compta. g\u00e9n\u00e9rale) Grand livre des \u00e9critures au 31.12.2016 Bilan\u00a0financier 2016 Budget pr\u00e9visionnel 2017 Assembl\u00e9e g\u00e9n\u00e9rale 2016 Convocation Invitation Proc\u00e8s-verbal GLIGEN Budget 2016 Pr\u00e9vision forum [&hellip;]<\/p>\n","protected":false},"author":3,"featured_media":0,"parent":0,"menu_order":0,"comment_status":"open","ping_status":"open","template":"","meta":{"_bbp_topic_count":0,"_bbp_reply_count":0,"_bbp_total_topic_count":0,"_bbp_total_reply_count":0,"_bbp_voice_count":0,"_bbp_anonymous_reply_count":0,"_bbp_topic_count_hidden":0,"_bbp_reply_count_hidden":0,"_bbp_forum_subforum_count":0},"_links":{"self":[{"href":"https:\/\/larena77.fr\/index.php?rest_route=\/wp\/v2\/pages\/218"}],"collection":[{"href":"https:\/\/larena77.fr\/index.php?rest_route=\/wp\/v2\/pages"}],"about":[{"href":"https:\/\/larena77.fr\/index.php?rest_route=\/wp\/v2\/types\/page"}],"author":[{"embeddable":true,"href":"https:\/\/larena77.fr\/index.php?rest_route=\/wp\/v2\/users\/3"}],"replies":[{"embeddable":true,"href":"https:\/\/larena77.fr\/index.php?rest_route=%2Fwp%2Fv2%2Fcomments&post=218"}],"version-history":[{"count":10,"href":"https:\/\/larena77.fr\/index.php?rest_route=\/wp\/v2\/pages\/218\/revisions"}],"predecessor-version":[{"id":3642,"href":"https:\/\/larena77.fr\/index.php?rest_route=\/wp\/v2\/pages\/218\/revisions\/3642"}],"wp:attachment":[{"href":"https:\/\/larena77.fr\/index.php?rest_route=%2Fwp%2Fv2%2Fmedia&parent=218"}],"curies":[{"name":"wp","href":"https:\/\/api.w.org\/{rel}","templated":true}]}}