{"id":189,"date":"2015-02-24T10:35:15","date_gmt":"2015-02-24T10:35:15","guid":{"rendered":"http:\/\/localhost:8888\/?page_id=189"},"modified":"2016-05-23T08:50:19","modified_gmt":"2016-05-23T08:50:19","slug":"trucs-et-astuces","status":"publish","type":"page","link":"https:\/\/larena77.fr\/?page_id=189","title":{"rendered":"Trucs et astuces"},"content":{"rendered":"<ul style=\"list-style-type: disc;\">\n<li>\n<div><a href=\"http:\/\/atilf.atilf.fr\/academie9.htm\" target=\"_blank\">Dictionnaire de l&rsquo;Acad\u00e9mie Fran\u00e7aise<\/a><\/div>\n<\/li>\n<li>\n<div><a href=\"http:\/\/www.littre.org\/\" target=\"_blank\">Dictionnaire Littr\u00e9<\/a><\/div>\n<\/li>\n<li>\n<div><a href=\"http:\/\/littre.reverso.net\/dictionnaire-francais\/\" target=\"_blank\">Dictionnaire Littr\u00e9 r\u00e9verso<\/a><\/div>\n<\/li>\n<li>\n<div><a href=\"http:\/\/portail.atilf.fr\/encyclopedie\/\" target=\"_blank\">Encyclop\u00e9die Diderot et d&rsquo;Alembert<\/a><\/div>\n<\/li>\n<li>\n<div><a href=\"http:\/\/cassini.seies.net\/index.htm\" target=\"_blank\">La carte de France de Cassini<\/a><\/div>\n<\/li>\n<li>\n<div><a href=\"http:\/\/www.cartocassini.org\/cartecassini\/france.htm\" target=\"_blank\">Les cartes de Cassini<\/a><\/div>\n<\/li>\n<li><a href=\"http:\/\/www.poissons52.fr\/histoire\/revolution1789\/calendrier_v.php\" target=\"_blank\">Calendrier gr\u00e9gorien\/r\u00e9publicain avec conversion<\/a><\/li>\n<\/ul>\n","protected":false},"excerpt":{"rendered":"<p>Dictionnaire de l&rsquo;Acad\u00e9mie Fran\u00e7aise Dictionnaire Littr\u00e9 Dictionnaire Littr\u00e9 r\u00e9verso Encyclop\u00e9die Diderot et d&rsquo;Alembert La carte de France de Cassini Les cartes de Cassini Calendrier gr\u00e9gorien\/r\u00e9publicain avec conversion<\/p>\n","protected":false},"author":3,"featured_media":0,"parent":0,"menu_order":0,"comment_status":"open","ping_status":"closed","template":"","meta":{"_bbp_topic_count":0,"_bbp_reply_count":0,"_bbp_total_topic_count":0,"_bbp_total_reply_count":0,"_bbp_voice_count":0,"_bbp_anonymous_reply_count":0,"_bbp_topic_count_hidden":0,"_bbp_reply_count_hidden":0,"_bbp_forum_subforum_count":0},"_links":{"self":[{"href":"https:\/\/larena77.fr\/index.php?rest_route=\/wp\/v2\/pages\/189"}],"collection":[{"href":"https:\/\/larena77.fr\/index.php?rest_route=\/wp\/v2\/pages"}],"about":[{"href":"https:\/\/larena77.fr\/index.php?rest_route=\/wp\/v2\/types\/page"}],"author":[{"embeddable":true,"href":"https:\/\/larena77.fr\/index.php?rest_route=\/wp\/v2\/users\/3"}],"replies":[{"embeddable":true,"href":"https:\/\/larena77.fr\/index.php?rest_route=%2Fwp%2Fv2%2Fcomments&post=189"}],"version-history":[{"count":8,"href":"https:\/\/larena77.fr\/index.php?rest_route=\/wp\/v2\/pages\/189\/revisions"}],"predecessor-version":[{"id":691,"href":"https:\/\/larena77.fr\/index.php?rest_route=\/wp\/v2\/pages\/189\/revisions\/691"}],"wp:attachment":[{"href":"https:\/\/larena77.fr\/index.php?rest_route=%2Fwp%2Fv2%2Fmedia&parent=189"}],"curies":[{"name":"wp","href":"https:\/\/api.w.org\/{rel}","templated":true}]}}