{"id":165,"date":"2015-02-24T10:25:42","date_gmt":"2015-02-24T10:25:42","guid":{"rendered":"http:\/\/localhost:8888\/?page_id=165"},"modified":"2016-05-23T08:45:52","modified_gmt":"2016-05-23T08:45:52","slug":"grimoire","status":"publish","type":"page","link":"https:\/\/larena77.fr\/?page_id=165","title":{"rendered":"Grimoire"},"content":{"rendered":"<h2>Ann\u00e9e 2007 \u00e0 2013 :<\/h2>\n<p>&nbsp;<\/p>\n<p><a href=\"http:\/\/larena77.fr\/wp-content\/uploads\/2015\/02\/Le-Grimoire_n\u00b001_D\u00e9cembre-2006.pdf\" target=\"_blank\">Le Grimoire n\u00b001 D\u00e9cembre 2006<\/a><\/p>\n<p><a href=\"http:\/\/larena77.fr\/wp-content\/uploads\/2015\/02\/Le-Grimoire_n\u00b002_Mars-2007.pdf\" target=\"_blank\">Le Grimoire_n\u00b002_Mars 2007<\/a><\/p>\n<p><a href=\"http:\/\/larena77.fr\/wp-content\/uploads\/2015\/02\/Le-Grimoire_n\u00b003_Juin-2007.pdf\" target=\"_blank\">Le Grimoire_n\u00b003_Juin 2007<\/a><\/p>\n<p><a href=\"http:\/\/larena77.fr\/wp-content\/uploads\/2015\/02\/Le-Grimoire_n\u00b004_Septembre-2007.pdf\" target=\"_blank\">Le Grimoire_n\u00b004_Septembre 2007<\/a><\/p>\n<p><a href=\"http:\/\/larena77.fr\/wp-content\/uploads\/2015\/02\/Le-Grimoire_n\u00b005_Janvier_2008.pdf\" target=\"_blank\">Le Grimoire_n\u00b005_Janvier_2008<\/a><\/p>\n<p><a href=\"http:\/\/larena77.fr\/wp-content\/uploads\/2015\/02\/Le-Grimoire_n\u00b006_Avril_2008.pdf\" target=\"_blank\">Le Grimoire_n\u00b006_Avril_2008<\/a><\/p>\n<p><a href=\"http:\/\/larena77.fr\/wp-content\/uploads\/2015\/02\/Le-Grimoire_n\u00b007_Septembre_2008.pdf\" target=\"_blank\">Le Grimoire_n\u00b007_Septembre_2008<\/a><\/p>\n<p><a href=\"http:\/\/larena77.fr\/wp-content\/uploads\/2015\/02\/Le-Grimoire_n\u00b008_Decembre_2008.pdf\" target=\"_blank\">Le Grimoire_n\u00b008_D\u00e9cembre_2008<\/a><\/p>\n<p><a href=\"http:\/\/larena77.fr\/wp-content\/uploads\/2015\/02\/Le-Grimoire_n\u00b009_Janvier_2009.pdf\" target=\"_blank\">Le Grimoire_n\u00b009_Janvier_2009<\/a><\/p>\n<p><a href=\"http:\/\/larena77.fr\/wp-content\/uploads\/2015\/02\/Le-Grimoire_n\u00b010_Juin_2009.pdf\" target=\"_blank\">Le Grimoire_n\u00b010_Juin_2009<\/a><\/p>\n<p><a href=\"http:\/\/larena77.fr\/wp-content\/uploads\/2015\/02\/Le-Grimoire_n\u00b011_Septembre_2009.pdf\" target=\"_blank\">Le Grimoire_n\u00b011_Septembre_2009<\/a><\/p>\n<p><a href=\"http:\/\/larena77.fr\/wp-content\/uploads\/2015\/02\/Le-Grimoire_n\u00b012_Decembre_2009.pdf\" target=\"_blank\">Le Grimoire_n\u00b012_D\u00e9cembre_2009<\/a><\/p>\n<p><a href=\"http:\/\/larena77.fr\/wp-content\/uploads\/2015\/02\/Le-Grimoire_n\u00b013_Janvier_2010.pdf\" target=\"_blank\">Le Grimoire_n\u00b013_Janvier_2010<\/a><\/p>\n<p><a href=\"http:\/\/larena77.fr\/wp-content\/uploads\/2015\/02\/Le-Grimoire_n\u00b014_Juin-2010.pdf\" target=\"_blank\">Le Grimoire_n\u00b014_Juin 2010<\/a><\/p>\n<p><a href=\"http:\/\/larena77.fr\/wp-content\/uploads\/2015\/02\/Le-Grimoire_n\u00b015_Sept-2010.pdf\" target=\"_blank\">Le Grimoire_n\u00b015_Sept 2010<\/a><\/p>\n<p><a href=\"http:\/\/larena77.fr\/wp-content\/uploads\/2015\/02\/Le-Grimoire_n\u00b016_D\u00e9cembre-2010.pdf\" target=\"_blank\">Le Grimoire_n\u00b016_D\u00e9cembre 2010<\/a><\/p>\n<p><a href=\"http:\/\/larena77.fr\/wp-content\/uploads\/2015\/02\/Le-Grimoire_n\u00b017_Mars-2011.pdf\" target=\"_blank\">Le Grimoire_n\u00b017_Mars 2011<\/a><\/p>\n<p><a href=\"http:\/\/larena77.fr\/wp-content\/uploads\/2015\/02\/Le-Grimoire_n\u00b018_R\u00e9trospective-Ann\u00e9es-2011-\u00e0-2013.pdf\" target=\"_blank\">Le Grimoire_n\u00b018_R\u00e9trospective Ann\u00e9es 2011 \u00e0 2013<\/a><\/p>\n","protected":false},"excerpt":{"rendered":"<p>Ann\u00e9e 2007 \u00e0 2013 : &nbsp; Le Grimoire n\u00b001 D\u00e9cembre 2006 Le Grimoire_n\u00b002_Mars 2007 Le Grimoire_n\u00b003_Juin 2007 Le Grimoire_n\u00b004_Septembre 2007 Le Grimoire_n\u00b005_Janvier_2008 Le Grimoire_n\u00b006_Avril_2008 Le Grimoire_n\u00b007_Septembre_2008 Le Grimoire_n\u00b008_D\u00e9cembre_2008 Le Grimoire_n\u00b009_Janvier_2009 Le Grimoire_n\u00b010_Juin_2009 Le Grimoire_n\u00b011_Septembre_2009 Le Grimoire_n\u00b012_D\u00e9cembre_2009 Le Grimoire_n\u00b013_Janvier_2010 Le Grimoire_n\u00b014_Juin 2010 Le Grimoire_n\u00b015_Sept 2010 Le Grimoire_n\u00b016_D\u00e9cembre 2010 Le Grimoire_n\u00b017_Mars 2011 Le Grimoire_n\u00b018_R\u00e9trospective Ann\u00e9es 2011 \u00e0 [&hellip;]<\/p>\n","protected":false},"author":3,"featured_media":0,"parent":0,"menu_order":0,"comment_status":"open","ping_status":"open","template":"","meta":{"_bbp_topic_count":0,"_bbp_reply_count":0,"_bbp_total_topic_count":0,"_bbp_total_reply_count":0,"_bbp_voice_count":0,"_bbp_anonymous_reply_count":0,"_bbp_topic_count_hidden":0,"_bbp_reply_count_hidden":0,"_bbp_forum_subforum_count":0},"_links":{"self":[{"href":"https:\/\/larena77.fr\/index.php?rest_route=\/wp\/v2\/pages\/165"}],"collection":[{"href":"https:\/\/larena77.fr\/index.php?rest_route=\/wp\/v2\/pages"}],"about":[{"href":"https:\/\/larena77.fr\/index.php?rest_route=\/wp\/v2\/types\/page"}],"author":[{"embeddable":true,"href":"https:\/\/larena77.fr\/index.php?rest_route=\/wp\/v2\/users\/3"}],"replies":[{"embeddable":true,"href":"https:\/\/larena77.fr\/index.php?rest_route=%2Fwp%2Fv2%2Fcomments&post=165"}],"version-history":[{"count":5,"href":"https:\/\/larena77.fr\/index.php?rest_route=\/wp\/v2\/pages\/165\/revisions"}],"predecessor-version":[{"id":639,"href":"https:\/\/larena77.fr\/index.php?rest_route=\/wp\/v2\/pages\/165\/revisions\/639"}],"wp:attachment":[{"href":"https:\/\/larena77.fr\/index.php?rest_route=%2Fwp%2Fv2%2Fmedia&parent=165"}],"curies":[{"name":"wp","href":"https:\/\/api.w.org\/{rel}","templated":true}]}}