{"id":114,"date":"2015-02-22T17:50:53","date_gmt":"2015-02-22T17:50:53","guid":{"rendered":"http:\/\/localhost:8888\/?page_id=114"},"modified":"2015-06-25T07:04:39","modified_gmt":"2015-06-25T07:04:39","slug":"deontologie","status":"publish","type":"page","link":"https:\/\/larena77.fr\/?page_id=114","title":{"rendered":"D\u00e9ontologie"},"content":{"rendered":"<h2 style=\"text-align: left;\"><span style=\"color: #808080;\"><b>Code d\u00e9ontologie du g\u00e9n\u00e9alogiste amateur<\/b><\/span><\/h2>\n<h4><span style=\"color: #000000;\">Le devoir d\u2019entraide<\/span><\/h4>\n<p style=\"padding-left: 30px;\">Le g\u00e9n\u00e9alogiste amateur collabore b\u00e9n\u00e9volement, dans la mesure de ses moyens, avec les autres g\u00e9n\u00e9alogistes, avec les associations et autres organismes \u0153uvrant en g\u00e9n\u00e9alogie ou dans des domaines connexes.<\/p>\n<p style=\"padding-left: 30px;\">Le g\u00e9n\u00e9alogiste amateur partage avec autrui les r\u00e9sultats de ses recherches en les rendant largement accessibles.<\/p>\n<h4><span style=\"color: #000000;\">La probit\u00e9 intellectuelle<\/span><\/h4>\n<p style=\"padding-left: 30px;\">Le g\u00e9n\u00e9alogiste amateur ne doit pas inventer, d\u00e9former, camoufler, minimiser ni exag\u00e9rer sciemment les informations recueillies dans le cadre de ses travaux, ni publier d\u2019informations non v\u00e9rifi\u00e9e ou qu\u2019il sait fausses.<\/p>\n<p style=\"padding-left: 30px;\">Le g\u00e9n\u00e9alogiste amateur indique la source de chaque information qu\u2019il enregistre dans ses donn\u00e9es. Il indique les recoupements \u00e9ventuels de ses sources. Il identifie les extraits de textes dans le contexte de leur document original.<\/p>\n<p style=\"padding-left: 30px;\">Le g\u00e9n\u00e9alogiste amateur n\u2019est pas plagiaire. Il respecte les droits d\u2019auteur et la propri\u00e9t\u00e9 intellectuelle sur les travaux publi\u00e9s ou produits par autrui en ne s\u2019appropriant pas leur contenu sans l\u2019autorisation de leur auteur, et en mentionnant leurs sources dans les extraits et citations qu\u2019il publie.<\/p>\n<p style=\"padding-left: 30px;\">Lorsqu\u2019il publie ses travaux ou qu\u2019il en produit des extraits, le g\u00e9n\u00e9alogiste amateur prend soin d\u2019en autoriser librement la reproduction, la diffusion et la r\u00e9utilisation des informations faisant son contenu dans la limite exclusive d\u2019un usage \u00e0 des fins g\u00e9n\u00e9alogiques, historiques ou statistiques, tout en interdisant \u00e0 autrui d\u2019en tirer ce faisant un b\u00e9n\u00e9fice p\u00e9cuniaire ou un avantage personnel.<\/p>\n<h4>Le devoir d\u2019int\u00e9grit\u00e9<\/h4>\n<p style=\"padding-left: 30px;\">En g\u00e9n\u00e9alogie, diff\u00e9rents courants et sensibilit\u00e9s affichent leurs particularit\u00e9s \u00e0 travers la vie associative et entreprenariale. Les amateurs comme les professionnels ont besoin des travaux<\/p>\n<p style=\"padding-left: 30px;\">D\u2019autrui. Un jour ou l\u2019autre, le g\u00e9n\u00e9alogiste amateur est amen\u00e9 \u00e0 collaborer avec le professionnel. A cette occasion ils travailleront sur la base d\u2019un \u00e9change \u00e9quilibr\u00e9 et b\u00e9n\u00e9vole d\u2019informations dans le respect du pr\u00e9sent Code de Conduite du G\u00e9n\u00e9alogiste Amateur.<\/p>\n<p style=\"padding-left: 30px;\">De mani\u00e8re habituelle le g\u00e9n\u00e9alogiste amateur ne tirera pas de b\u00e9n\u00e9fice de ses recherches, ni ne cherchera \u00e0 compenser les frais qu\u2019elles occasionnent, m\u00eame partiellement, en monnayant ses informations avec autrui.<\/p>\n<p style=\"padding-left: 30px;\">Cependant, l\u2019orientation vers une d\u00e9ontologie bas\u00e9e exclusivement sur le b\u00e9n\u00e9volat qui a pr\u00e9valu \u00e0 la r\u00e9daction du pr\u00e9sent Code, peut ne pas \u00eatre partag\u00e9e par tous.<\/p>\n<p style=\"padding-left: 30px;\">Certains estimant qu\u2019un b\u00e9n\u00e9fice est la r\u00e9compense normale de toute activit\u00e9, tous admettent cependant qu\u2019il ne peut s\u2019agir que d\u2019un revenu marginal, non pr\u00e9pond\u00e9rant dans la r\u00e9mun\u00e9ration globale que le g\u00e9n\u00e9alogiste amateur tire d\u2019une autre activit\u00e9 ou de son \u00e9tat.<\/p>\n<p style=\"padding-left: 30px;\">Quand le g\u00e9n\u00e9alogiste amateur accepte de faire une recherche pour autrui, il la fera dans cet esprit. Il pr\u00e9viendra le demandeur si ses moyens financiers ne lui permettent plus de poursuivre la recherche demand\u00e9e ou si les frais pris en charge par le demandeur cessent d\u2019\u00eatre marginaux par rapport \u00e0 ses autres revenus. Il cherchera alors \u00e0 orienter le demandeur vers quelque association ou g\u00e9n\u00e9alogiste professionnel.<\/p>\n<p style=\"padding-left: 30px;\">Dans cet esprit, le g\u00e9n\u00e9alogiste amateur peut charger au demandeur les frais d\u2019obtentions de copies de documents d\u2019archives quand ces copies lui sont demand\u00e9es, pourvu qu\u2019il en ait inform\u00e9 le demandeur au pr\u00e9alable. Le g\u00e9n\u00e9alogiste amateur pr\u00e9sente ces frais de fa\u00e7on objective et sur demande fournit les tarifs des co\u00fbts expos\u00e9s.<\/p>\n<p style=\"padding-left: 30px;\">Le g\u00e9n\u00e9alogiste amateur s\u2019interdit toute recherche dirig\u00e9e contre l\u2019int\u00e9r\u00eat des personnes de m\u00eame qu\u2019une divulgation quelconque d\u2019information pouvant porter atteinte \u00e0 l\u2019honneur ou \u00e0 la r\u00e9putation des personnes. [\u2026]<\/p>\n<h4>Le respect des archives<\/h4>\n<p style=\"padding-left: 30px;\">Le g\u00e9n\u00e9alogiste amateur respecte les lois nationales concernant les archives o\u00f9 il se trouve et en particulier les d\u00e9lais prescrits pour leur consultation. Il respecte de m\u00eame les r\u00e8glements int\u00e9rieurs propres \u00e0 chaque d\u00e9p\u00f4t d\u2019archives. Il s\u2019identifie spontan\u00e9ment \u00e0 l\u2019entr\u00e9e d\u2019un d\u00e9p\u00f4t d\u2019archives et indique les buts et finalit\u00e9s de ses recherches.<\/p>\n<p style=\"padding-left: 30px;\">Le g\u00e9n\u00e9alogiste amateur doit \u00eatre conscient qu\u2019il fr\u00e9quente des salles d\u2019\u00e9tude, aux c\u00f4t\u00e9s de chercheurs d\u2019autres disciplines menant des travaux parfois importants dans des d\u00e9lais souvent tr\u00e8s courts, et qu\u2019il importe de leur faciliter l\u2019acc\u00e8s aux documents dans un esprit de solidarit\u00e9. Le g\u00e9n\u00e9alogiste amateur proc\u00e8de \u00e0 ses recherches dans le respect des travaux des chercheurs qui l\u2019entourent et en bonne intelligence avec eux.<\/p>\n<p style=\"padding-left: 30px;\">Le g\u00e9n\u00e9alogiste amateur ne doit pas s\u2019approprier, subtiliser, endommager, d\u00e9grader, mutiler, annoter ni apposer de marques ni d\u2019inscriptions sur les instruments de recherche ou les documents mis \u00e0 sa disposition sur quelque support qu\u2019ils se trouvent (livres, registres, fiches, manuscrits, plans, photos, microfilms, microfiches, films, supports informatiques, etc.) Il les traite avec le plus grand soin, et lorsqu\u2019il s\u2019agit de pi\u00e8ces originales, il redouble d\u2019attention pour ne pas contribuer \u00e0 leur d\u00e9gradation.<\/p>\n<p style=\"padding-left: 30px;\">Le g\u00e9n\u00e9alogiste amateur se conforme aux r\u00e8glements en mati\u00e8re de copie de document. Il utilise de pr\u00e9f\u00e9rence les instruments mis \u00e0 sa disposition pour r\u00e9aliser les copies, et acquitte scrupuleusement les d\u00e9penses pr\u00e9vues aux tarifs. S\u2019il est autoris\u00e9 \u00e0 prendre des photos, il \u00e9vite de perturber les autres chercheurs avec des \u00e9clairs de prise de vue en donnant sa pr\u00e9f\u00e9rence \u00e0 la photo num\u00e9rique.<\/p>\n<h4>La diffusion des travaux<\/h4>\n<p style=\"padding-left: 30px;\">\u00a0Le g\u00e9n\u00e9alogiste amateur publiera ses recherches et d\u00e9posera une copie, non seulement aux associations dont il est membre, mais aussi aupr\u00e8s de biblioth\u00e8ques, de d\u00e9p\u00f4ts d\u2019archives, de centres de documentation g\u00e9n\u00e9alogiques et\/ou historiques.<\/p>\n<p style=\"padding-left: 30px;\">S\u2019il a acc\u00e8s \u00e0 l\u2019Internet et dans la mesure de ses moyens, le g\u00e9n\u00e9alogiste amateur publiera ses r\u00e9sultats par ce m\u00e9dia en utilisant les trois moyens suivants :<\/p>\n<p style=\"padding-left: 30px;\">\u00a0-D\u2019une part il publiera la liste des patronymes objets de ses recherches sur le site d\u2019une association ou sur son site personnel o\u00f9 il fera conna\u00eetre les buts poursuivis par ses recherches.<\/p>\n<p style=\"padding-left: 30px;\">\u00a0-Ensuite il fournira la liste des patronymes objets de ses recherches \u00e0 une banque de donn\u00e9es d\u2019indexation au moins, mettant en relation ces noms avec les coordonn\u00e9es du g\u00e9n\u00e9alogiste d\u00e9posant, de fa\u00e7on \u00e0 susciter de nouveaux contacts entre g\u00e9n\u00e9alogistes. Mais ce second moyen sera seulement mis en oeuvre si la fourniture de ses donn\u00e9es et l\u2019acc\u00e8s aux donn\u00e9es de la banque par autrui ne donne pas lieu \u00e0 r\u00e9mun\u00e9ration.<\/p>\n<p style=\"padding-left: 30px;\">\u00a0-Enfin le g\u00e9n\u00e9alogiste amateur pourra publier sa g\u00e9n\u00e9alogie sur Internet dans un site personnel, en prenant les pr\u00e9cautions relatives \u00e0 la protection des donn\u00e9es \u00e0 caract\u00e8re personnel des personnes vivantes et en ne publiant que des donn\u00e9es acquises loyalement de ses sources d\u2019information. [\u2026]<\/p>\n","protected":false},"excerpt":{"rendered":"<p>Code d\u00e9ontologie du g\u00e9n\u00e9alogiste amateur Le devoir d\u2019entraide Le g\u00e9n\u00e9alogiste amateur collabore b\u00e9n\u00e9volement, dans la mesure de ses moyens, avec les autres g\u00e9n\u00e9alogistes, avec les associations et autres organismes \u0153uvrant en g\u00e9n\u00e9alogie ou dans des domaines connexes. Le g\u00e9n\u00e9alogiste amateur partage avec autrui les r\u00e9sultats de ses recherches en les rendant largement accessibles. La probit\u00e9 [&hellip;]<\/p>\n","protected":false},"author":3,"featured_media":0,"parent":0,"menu_order":0,"comment_status":"closed","ping_status":"closed","template":"","meta":{"_bbp_topic_count":0,"_bbp_reply_count":0,"_bbp_total_topic_count":0,"_bbp_total_reply_count":0,"_bbp_voice_count":0,"_bbp_anonymous_reply_count":0,"_bbp_topic_count_hidden":0,"_bbp_reply_count_hidden":0,"_bbp_forum_subforum_count":0},"_links":{"self":[{"href":"https:\/\/larena77.fr\/index.php?rest_route=\/wp\/v2\/pages\/114"}],"collection":[{"href":"https:\/\/larena77.fr\/index.php?rest_route=\/wp\/v2\/pages"}],"about":[{"href":"https:\/\/larena77.fr\/index.php?rest_route=\/wp\/v2\/types\/page"}],"author":[{"embeddable":true,"href":"https:\/\/larena77.fr\/index.php?rest_route=\/wp\/v2\/users\/3"}],"replies":[{"embeddable":true,"href":"https:\/\/larena77.fr\/index.php?rest_route=%2Fwp%2Fv2%2Fcomments&post=114"}],"version-history":[{"count":13,"href":"https:\/\/larena77.fr\/index.php?rest_route=\/wp\/v2\/pages\/114\/revisions"}],"predecessor-version":[{"id":627,"href":"https:\/\/larena77.fr\/index.php?rest_route=\/wp\/v2\/pages\/114\/revisions\/627"}],"wp:attachment":[{"href":"https:\/\/larena77.fr\/index.php?rest_route=%2Fwp%2Fv2%2Fmedia&parent=114"}],"curies":[{"name":"wp","href":"https:\/\/api.w.org\/{rel}","templated":true}]}}