{"id":1099,"date":"2016-02-09T08:10:59","date_gmt":"2016-02-09T08:10:59","guid":{"rendered":"http:\/\/larena77.fr\/?page_id=1099"},"modified":"2018-09-09T12:00:47","modified_gmt":"2018-09-09T12:00:47","slug":"documents-originaux","status":"publish","type":"page","link":"https:\/\/larena77.fr\/?page_id=1099","title":{"rendered":"Documents Originaux"},"content":{"rendered":"<h4><span style=\"text-decoration: underline; color: #808080;\">T\u00e9l\u00e9chargement :<\/span><\/h4>\n<ul>\n<li><a href=\"http:\/\/larena77.fr\/wp-content\/uploads\/2017\/02\/2017_FicheContact.docx\" target=\"_blank\" rel=\"noopener\">2017 Fiche Contact<\/a><\/li>\n<li><a href=\"http:\/\/larena77.fr\/wp-content\/uploads\/2017\/02\/2017_BulletinAdhesion.docx\" target=\"_blank\" rel=\"noopener\">2017 Bulletin d&rsquo;Adh\u00e9sion<\/a><\/li>\n<li><a href=\"http:\/\/larena77.fr\/wp-content\/uploads\/2017\/02\/2017_AppelCotisation.docx\" target=\"_blank\" rel=\"noopener\">2017 Appel de cotisation<\/a><\/li>\n<li><a href=\"http:\/\/larena77.fr\/wp-content\/uploads\/2017\/02\/2017_FicheDeRenseignements.docx\" target=\"_blank\" rel=\"noopener\">2017 Fiche de renseignements<\/a><\/li>\n<li><a href=\"http:\/\/larena77.fr\/wp-content\/uploads\/2016\/12\/201n-nn-nn-COMPTE-RENDU-DE-REUNION.doc\" target=\"_blank\" rel=\"noopener\">201n-nn-nn COMPTE RENDU DE REUNION<\/a><\/li>\n<li><a href=\"http:\/\/larena77.fr\/wp-content\/uploads\/2016\/04\/Notice_Utilisateurs_larena77_201604.docx\" target=\"_blank\" rel=\"noopener\">Notice Utilisateurs 2016-05<\/a><\/li>\n<li><a href=\"http:\/\/larena77.fr\/wp-content\/uploads\/2016\/04\/Notice_@mondomaine.docx\" target=\"_blank\" rel=\"noopener\">Gestion des mails @mondomaine sur le site OVH \u00e0 partir de votre navigateur internet<\/a><\/li>\n<li><a href=\"http:\/\/larena77.fr\/wp-content\/uploads\/2016\/04\/Notice_OVH_larena77.docx\" target=\"_blank\" rel=\"noopener\">Notice OVH LARENA77<\/a><\/li>\n<li><a href=\"http:\/\/larena77.fr\/wp-content\/uploads\/2016\/04\/Notice_WP_larena77.docx\" target=\"_blank\" rel=\"noopener\">Notice WordPress LARENA77<\/a><\/li>\n<li><a href=\"http:\/\/larena77.fr\/wp-content\/uploads\/2017\/01\/2017_Convocation-AG.doc\" target=\"_blank\" rel=\"noopener\">2017 Convocation AG<\/a><\/li>\n<li><a href=\"http:\/\/larena77.fr\/wp-content\/uploads\/2018\/09\/2018_AppelDON.docx\" target=\"_blank\" rel=\"noopener\">2018 Appel aux dons<\/a><\/li>\n<\/ul>\n","protected":false},"excerpt":{"rendered":"<p>T\u00e9l\u00e9chargement : 2017 Fiche Contact 2017 Bulletin d&rsquo;Adh\u00e9sion 2017 Appel de cotisation 2017 Fiche de renseignements 201n-nn-nn COMPTE RENDU DE REUNION Notice Utilisateurs 2016-05 Gestion des mails @mondomaine sur le site OVH \u00e0 partir de votre navigateur internet Notice OVH LARENA77 Notice WordPress LARENA77 2017 Convocation AG 2018 Appel aux dons<\/p>\n","protected":false},"author":3,"featured_media":0,"parent":0,"menu_order":0,"comment_status":"closed","ping_status":"closed","template":"","meta":{"_bbp_topic_count":0,"_bbp_reply_count":0,"_bbp_total_topic_count":0,"_bbp_total_reply_count":0,"_bbp_voice_count":0,"_bbp_anonymous_reply_count":0,"_bbp_topic_count_hidden":0,"_bbp_reply_count_hidden":0,"_bbp_forum_subforum_count":0},"_links":{"self":[{"href":"https:\/\/larena77.fr\/index.php?rest_route=\/wp\/v2\/pages\/1099"}],"collection":[{"href":"https:\/\/larena77.fr\/index.php?rest_route=\/wp\/v2\/pages"}],"about":[{"href":"https:\/\/larena77.fr\/index.php?rest_route=\/wp\/v2\/types\/page"}],"author":[{"embeddable":true,"href":"https:\/\/larena77.fr\/index.php?rest_route=\/wp\/v2\/users\/3"}],"replies":[{"embeddable":true,"href":"https:\/\/larena77.fr\/index.php?rest_route=%2Fwp%2Fv2%2Fcomments&post=1099"}],"version-history":[{"count":15,"href":"https:\/\/larena77.fr\/index.php?rest_route=\/wp\/v2\/pages\/1099\/revisions"}],"predecessor-version":[{"id":2967,"href":"https:\/\/larena77.fr\/index.php?rest_route=\/wp\/v2\/pages\/1099\/revisions\/2967"}],"wp:attachment":[{"href":"https:\/\/larena77.fr\/index.php?rest_route=%2Fwp%2Fv2%2Fmedia&parent=1099"}],"curies":[{"name":"wp","href":"https:\/\/api.w.org\/{rel}","templated":true}]}}